{"id":8242,"date":"2025-04-21T08:54:59","date_gmt":"2025-04-21T06:54:59","guid":{"rendered":"https:\/\/formacionlider.es\/?page_id=8242"},"modified":"2025-06-10T09:48:51","modified_gmt":"2025-06-10T07:48:51","slug":"sugerencias-y-reclamaciones","status":"publish","type":"page","link":"https:\/\/formacionlider.es\/en\/sugerencias-y-reclamaciones","title":{"rendered":"Suggestions and claims"},"content":{"rendered":"\t\t<div data-elementor-type=\"wp-page\" data-elementor-id=\"8242\" class=\"elementor elementor-8242\" data-elementor-post-type=\"page\">\n\t\t\t\t<section class=\"elementor-element elementor-element-87bce4a e-flex e-con-boxed e-con e-parent\" data-id=\"87bce4a\" data-element_type=\"container\" data-e-type=\"container\" data-settings=\"{&quot;background_background&quot;:&quot;classic&quot;}\">\n\t\t\t\t\t<div class=\"e-con-inner\">\n\t\t<div class=\"elementor-element elementor-element-ed3e74d e-con-full e-flex e-con e-child\" data-id=\"ed3e74d\" data-element_type=\"container\" data-e-type=\"container\">\n\t\t\t\t<div class=\"elementor-element elementor-element-c6fc132 elementor-widget elementor-widget-heading\" data-id=\"c6fc132\" data-element_type=\"widget\" data-e-type=\"widget\" data-widget_type=\"heading.default\">\n\t\t\t\t<div class=\"elementor-widget-container\">\n\t\t\t\t\t<h1 class=\"elementor-heading-title elementor-size-default\">Sugerencias y reclamaciones<\/h1>\t\t\t\t<\/div>\n\t\t\t\t<\/div>\n\t\t\t\t<div class=\"elementor-element elementor-element-cf8415f elementor-widget elementor-widget-text-editor\" data-id=\"cf8415f\" data-element_type=\"widget\" data-e-type=\"widget\" data-widget_type=\"text-editor.default\">\n\t\t\t\t<div class=\"elementor-widget-container\">\n\t\t\t\t\t\t\t\t\t<p style=\"text-align: center;\">Si tienes alguna sugerencia o reclamaci\u00f3n, escribe un correo electr\u00f3nico a <a href=\"mailto:agenciadecolocacion@formacionlider.es\">agenciadecolocacion@formacionlider.es<\/a> o env\u00edanos tus sugerencias o reclamaciones rellenando este formulario:<\/p>\t\t\t\t\t\t\t\t<\/div>\n\t\t\t\t<\/div>\n\t\t\t\t<div class=\"elementor-element elementor-element-e603b6f elementor-button-align-stretch elementor-widget elementor-widget-form\" data-id=\"e603b6f\" data-element_type=\"widget\" data-e-type=\"widget\" data-settings=\"{&quot;step_next_label&quot;:&quot;Next&quot;,&quot;step_previous_label&quot;:&quot;Previous&quot;,&quot;button_width&quot;:&quot;20&quot;,&quot;dce_confirm_dialog_enabled&quot;:&quot;no&quot;,&quot;step_type&quot;:&quot;number_text&quot;,&quot;step_icon_shape&quot;:&quot;circle&quot;,&quot;label_icon_size&quot;:{&quot;unit&quot;:&quot;px&quot;,&quot;size&quot;:&quot;&quot;,&quot;sizes&quot;:[]},&quot;field_icon_size&quot;:{&quot;unit&quot;:&quot;px&quot;,&quot;size&quot;:&quot;&quot;,&quot;sizes&quot;:[]}}\" data-widget_type=\"form.default\">\n\t\t\t\t<div class=\"elementor-widget-container\">\n\t\t\t\t\t\t\t<form class=\"elementor-form\" method=\"post\" name=\"New Form\" aria-label=\"New Form\">\n\t\t\t<input type=\"hidden\" name=\"post_id\" value=\"8242\"\/>\n\t\t\t<input type=\"hidden\" name=\"form_id\" value=\"e603b6f\"\/>\n\t\t\t<input type=\"hidden\" name=\"referer_title\" value=\"Sugerencias y reclamaciones | Formaci\u00f3n y Empleo L\u00edder\" \/>\n\n\t\t\t\t\t\t\t<input type=\"hidden\" name=\"queried_id\" value=\"8242\"\/>\n\t\t\t\n\t\t\t<div class=\"elementor-form-fields-wrapper elementor-labels-above\">\n\t\t\t\t\t\t\t\t<div class=\"elementor-field-type-text elementor-field-group elementor-column elementor-field-group-nombre elementor-col-100 elementor-field-required elementor-mark-required\">\n\t\t\t\t\t\t\t\t\t\t\t\t<label for=\"form-field-nombre\" class=\"elementor-field-label\">\n\t\t\t\t\t\t\t\tNombre\t\t\t\t\t\t\t<\/label>\n\t\t\t\t\t\t\t\t\t\t\t\t\t\t<input size=\"1\" type=\"text\" name=\"form_fields[nombre]\" id=\"form-field-nombre\" class=\"elementor-field elementor-size-sm  elementor-field-textual\" required=\"required\">\n\t\t\t\t\t\t\t\t\t\t\t<\/div>\n\t\t\t\t\t\t\t\t<div class=\"elementor-field-type-text elementor-field-group elementor-column elementor-field-group-apellidos elementor-col-100\">\n\t\t\t\t\t\t\t\t\t\t\t\t<label for=\"form-field-apellidos\" class=\"elementor-field-label\">\n\t\t\t\t\t\t\t\tApellidos\t\t\t\t\t\t\t<\/label>\n\t\t\t\t\t\t\t\t\t\t\t\t\t\t<input size=\"1\" type=\"text\" name=\"form_fields[apellidos]\" id=\"form-field-apellidos\" class=\"elementor-field elementor-size-sm  elementor-field-textual\">\n\t\t\t\t\t\t\t\t\t\t\t<\/div>\n\t\t\t\t\t\t\t\t<div class=\"elementor-field-type-email elementor-field-group elementor-column elementor-field-group-field_63f271e elementor-col-100 elementor-field-required elementor-mark-required\">\n\t\t\t\t\t\t\t\t\t\t\t\t<label for=\"form-field-field_63f271e\" class=\"elementor-field-label\">\n\t\t\t\t\t\t\t\tCorreo electr\u00f3nico\t\t\t\t\t\t\t<\/label>\n\t\t\t\t\t\t\t\t\t\t\t\t\t\t<input size=\"1\" type=\"email\" name=\"form_fields[field_63f271e]\" id=\"form-field-field_63f271e\" class=\"elementor-field elementor-size-sm  elementor-field-textual\" required=\"required\">\n\t\t\t\t\t\t\t\t\t\t\t<\/div>\n\t\t\t\t\t\t\t\t<div class=\"elementor-field-type-tel elementor-field-group elementor-column elementor-field-group-telefono1 elementor-col-100\">\n\t\t\t\t\t\t\t\t\t\t\t\t<label for=\"form-field-telefono1\" class=\"elementor-field-label\">\n\t\t\t\t\t\t\t\tTel\u00e9fono\t\t\t\t\t\t\t<\/label>\n\t\t\t\t\t\t\t\t<input size=\"1\" type=\"tel\" name=\"form_fields[telefono1]\" id=\"form-field-telefono1\" class=\"elementor-field elementor-size-sm  elementor-field-textual\" pattern=\"[0-9()#&amp;+*-=.]+\" title=\"Only numbers and phone characters (#, -, *, etc) are accepted.\">\n\n\t\t\t\t\t\t<\/div>\n\t\t\t\t\t\t\t\t<div class=\"elementor-field-type-text elementor-field-group elementor-column elementor-field-group-field_5e3b59d elementor-col-100\">\n\t\t\t\t\t\t\t\t\t\t\t\t<label for=\"form-field-field_5e3b59d\" class=\"elementor-field-label\">\n\t\t\t\t\t\t\t\tDomicilio\t\t\t\t\t\t\t<\/label>\n\t\t\t\t\t\t\t\t\t\t\t\t\t\t<input size=\"1\" type=\"text\" name=\"form_fields[field_5e3b59d]\" id=\"form-field-field_5e3b59d\" class=\"elementor-field elementor-size-sm  elementor-field-textual\">\n\t\t\t\t\t\t\t\t\t\t\t<\/div>\n\t\t\t\t\t\t\t\t<div class=\"elementor-field-type-text elementor-field-group elementor-column elementor-field-group-field_7eddfc3 elementor-col-100\">\n\t\t\t\t\t\t\t\t\t\t\t\t<label for=\"form-field-field_7eddfc3\" class=\"elementor-field-label\">\n\t\t\t\t\t\t\t\tPoblaci\u00f3n\t\t\t\t\t\t\t<\/label>\n\t\t\t\t\t\t\t\t\t\t\t\t\t\t<input size=\"1\" type=\"text\" name=\"form_fields[field_7eddfc3]\" id=\"form-field-field_7eddfc3\" class=\"elementor-field elementor-size-sm  elementor-field-textual\">\n\t\t\t\t\t\t\t\t\t\t\t<\/div>\n\t\t\t\t\t\t\t\t<div class=\"elementor-field-type-text elementor-field-group elementor-column elementor-field-group-dni elementor-col-100\">\n\t\t\t\t\t\t\t\t\t\t\t\t<label for=\"form-field-dni\" class=\"elementor-field-label\">\n\t\t\t\t\t\t\t\tDNI\t\t\t\t\t\t\t<\/label>\n\t\t\t\t\t\t\t\t\t\t\t\t\t\t<input size=\"1\" type=\"text\" name=\"form_fields[dni]\" id=\"form-field-dni\" class=\"elementor-field elementor-size-sm  elementor-field-textual\">\n\t\t\t\t\t\t\t\t\t\t\t<\/div>\n\t\t\t\t\t\t\t\t<div class=\"elementor-field-type-text elementor-field-group elementor-column elementor-field-group-field_7e10fc7 elementor-col-100\">\n\t\t\t\t\t\t\t\t\t\t\t\t<label for=\"form-field-field_7e10fc7\" class=\"elementor-field-label\">\n\t\t\t\t\t\t\t\tEdad\t\t\t\t\t\t\t<\/label>\n\t\t\t\t\t\t\t\t\t\t\t\t\t\t<input size=\"1\" type=\"text\" name=\"form_fields[field_7e10fc7]\" id=\"form-field-field_7e10fc7\" class=\"elementor-field elementor-size-sm  elementor-field-textual\">\n\t\t\t\t\t\t\t\t\t\t\t<\/div>\n\t\t\t\t\t\t\t\t<div class=\"elementor-field-type-radio elementor-field-group elementor-column elementor-field-group-field_305e2fd elementor-col-100\">\n\t\t\t\t\t\t\t\t\t\t\t\t<label for=\"form-field-field_305e2fd\" class=\"elementor-field-label\">\n\t\t\t\t\t\t\t\tSexo\t\t\t\t\t\t\t<\/label>\n\t\t\t\t\t\t<div class=\"elementor-field-subgroup  elementor-subgroup-inline\"><span class=\"elementor-field-option\"><input type=\"radio\" value=\"V\" id=\"form-field-field_305e2fd-0\" name=\"form_fields[field_305e2fd]\"> <label for=\"form-field-field_305e2fd-0\">V<\/label><\/span><span class=\"elementor-field-option\"><input type=\"radio\" value=\"M\" id=\"form-field-field_305e2fd-1\" name=\"form_fields[field_305e2fd]\"> <label for=\"form-field-field_305e2fd-1\">M<\/label><\/span><\/div>\t\t\t\t<\/div>\n\t\t\t\t\t\t\t\t<div class=\"elementor-field-type-text elementor-field-group elementor-column elementor-field-group-field_2218342 elementor-col-100\">\n\t\t\t\t\t\t\t\t\t\t\t\t<label for=\"form-field-field_2218342\" class=\"elementor-field-label\">\n\t\t\t\t\t\t\t\tNacionalidad\t\t\t\t\t\t\t<\/label>\n\t\t\t\t\t\t\t\t\t\t\t\t\t\t<input size=\"1\" type=\"text\" name=\"form_fields[field_2218342]\" id=\"form-field-field_2218342\" class=\"elementor-field elementor-size-sm  elementor-field-textual\">\n\t\t\t\t\t\t\t\t\t\t\t<\/div>\n\t\t\t\t\t\t\t\t<div class=\"elementor-field-type-textarea elementor-field-group elementor-column elementor-field-group-field_5caac37 elementor-col-100\">\n\t\t\t\t\t\t\t\t\t\t\t\t<label for=\"form-field-field_5caac37\" class=\"elementor-field-label\">\n\t\t\t\t\t\t\t\tReclamaci\u00f3n o sugerencia\t\t\t\t\t\t\t<\/label>\n\t\t\t\t\t\t<textarea class=\"elementor-field-textual elementor-field  elementor-size-sm\" name=\"form_fields[field_5caac37]\" id=\"form-field-field_5caac37\" rows=\"2\"><\/textarea>\t\t\t\t<\/div>\n\t\t\t\t\t\t\t\t<div class=\"elementor-field-type-acceptance elementor-field-group elementor-column elementor-field-group-aceptacion elementor-col-100 elementor-field-required elementor-mark-required\">\n\t\t\t\t\t\t\t<div class=\"elementor-field-subgroup\">\n\t\t\t<span class=\"elementor-field-option\">\n\t\t\t\t<input type=\"checkbox\" name=\"form_fields[aceptacion]\" id=\"form-field-aceptacion\" class=\"elementor-field elementor-size-sm  elementor-acceptance-field\" required=\"required\">\n\t\t\t\t<label for=\"form-field-aceptacion\">He le\u00eddo y acepto la <a style=\"font-family:montserrat; font-size:14px; text-decoration:underline \" href=\"\/politica-de-proteccion-de-datos-agencia-de-colocacion\" style=\"text-decoration:underline;\">pol\u00edtica de protecci\u00f3n de datos<\/a><\/label>\t\t\t<\/span>\n\t\t<\/div>\n\t\t\t\t\t\t<\/div>\n\t\t\t\t\t\t\t\t<div class=\"elementor-field-type-recaptcha_v3 elementor-field-group elementor-column elementor-field-group-field_7635f97 elementor-col-100 recaptcha_v3-bottomleft\">\n\t\t\t\t\t<div class=\"elementor-field\" id=\"form-field-field_7635f97\"><div class=\"elementor-g-recaptcha\" data-sitekey=\"6Lfo73QrAAAAABGO687NXWhfvOVbrWP00Br0opJH\" data-type=\"v3\" data-action=\"Form\" data-badge=\"bottomleft\" data-size=\"invisible\"><\/div><\/div>\t\t\t\t<\/div>\n\t\t\t\t\t\t\t\t<div class=\"elementor-field-group elementor-column elementor-field-type-submit elementor-col-20 e-form__buttons\">\n\t\t\t\t\t<button class=\"elementor-button elementor-size-sm\" type=\"submit\">\n\t\t\t\t\t\t<span class=\"elementor-button-content-wrapper\">\n\t\t\t\t\t\t\t\t\t\t\t\t\t\t\t\t\t\t\t\t\t\t<span class=\"elementor-button-text\">Enviar<\/span>\n\t\t\t\t\t\t\t\t\t\t\t\t\t<\/span>\n\t\t\t\t\t<\/button>\n\t\t\t\t<\/div>\n\t\t\t<\/div>\n\t\t<\/form>\n\t\t\t\t\t\t<\/div>\n\t\t\t\t<\/div>\n\t\t\t\t<div class=\"elementor-element elementor-element-bbfcb76 elementor-widget elementor-widget-text-editor\" data-id=\"bbfcb76\" data-element_type=\"widget\" data-e-type=\"widget\" data-widget_type=\"text-editor.default\">\n\t\t\t\t<div class=\"elementor-widget-container\">\n\t\t\t\t\t\t\t\t\t<p>\u00a0<\/p><p><strong>Responsable del tratamiento:<\/strong> Formaci\u00f3n y Empleo L\u00edder, S.L.<\/p><p><strong>Finalidad:<\/strong> Obtenci\u00f3n de tu consentimiento para responder a las cuestiones que nos planteas a trav\u00e9s de este formulario.<\/p><p><strong>Legitimaci\u00f3n:<\/strong> Consentimiento del interesado.<\/p><p><strong>Destinatarios:<\/strong> No se ceder\u00e1n datos a terceros, salvo obligaci\u00f3n legal.<\/p><p><strong>Derechos:<\/strong> De acceso, rectificaci\u00f3n, supresi\u00f3n, oposici\u00f3n, olvido y a la portabilidad de los datos.<\/p><p><strong>Informaci\u00f3n adicional:<\/strong> Puedes consultar la informaci\u00f3n adicional y detallada sobre Protecci\u00f3n de Datos escribiendo a <a style=\"font-size: 13px; font-family: montserrat; text-decoration: underline;\" href=\"mailto:privacidad@formacionlider.es\">privacidad@formacionlider.es<\/a><\/p>\t\t\t\t\t\t\t\t<\/div>\n\t\t\t\t<\/div>\n\t\t\t\t<\/div>\n\t\t\t\t\t<\/div>\n\t\t\t\t<\/section>\n\t\t\t\t<\/div>\n\t\t","protected":false},"excerpt":{"rendered":"<p>Sugerencias y reclamaciones Si tienes alguna sugerencia o reclamaci\u00f3n, escribe un correo electr\u00f3nico a agenciadecolocacion@formacionlider.es o env\u00edanos tus sugerencias o reclamaciones rellenando este formulario: \u00a0 Responsable del tratamiento: Formaci\u00f3n y Empleo L\u00edder, S.L. Finalidad: Obtenci\u00f3n de tu consentimiento para responder a las cuestiones que nos planteas a trav\u00e9s de este formulario. Legitimaci\u00f3n: Consentimiento del interesado. [&hellip;]<\/p>\n","protected":false},"author":1,"featured_media":0,"parent":0,"menu_order":0,"comment_status":"closed","ping_status":"closed","template":"","meta":{"inline_featured_image":false,"_joinchat":[],"footnotes":""},"class_list":["post-8242","page","type-page","status-publish","hentry"],"yoast_head":"<!-- This site is optimized with the Yoast SEO plugin v26.9 - https:\/\/yoast.com\/product\/yoast-seo-wordpress\/ -->\n<title>Sugerencias y reclamaciones | Formaci\u00f3n y Empleo L\u00edder<\/title>\n<meta name=\"description\" content=\"\u00bfBuscas trabajo en Albacete? Nuestra agencia te ofrece asesoramiento experto y te conecta con empresas l\u00edderes.\" \/>\n<meta name=\"robots\" content=\"index, follow, max-snippet:-1, max-image-preview:large, max-video-preview:-1\" \/>\n<link rel=\"canonical\" href=\"https:\/\/formacionlider.es\/en\/sugerencias-y-reclamaciones\/\" \/>\n<meta property=\"og:locale\" content=\"en_US\" \/>\n<meta property=\"og:type\" content=\"article\" \/>\n<meta property=\"og:title\" content=\"Sugerencias y reclamaciones | Formaci\u00f3n y Empleo L\u00edder\" \/>\n<meta property=\"og:description\" content=\"\u00bfBuscas trabajo en Albacete? Nuestra agencia te ofrece asesoramiento experto y te conecta con empresas l\u00edderes.\" \/>\n<meta property=\"og:url\" content=\"https:\/\/formacionlider.es\/en\/sugerencias-y-reclamaciones\/\" \/>\n<meta property=\"og:site_name\" content=\"Formaci\u00f3n y Empleo L\u00edder\" \/>\n<meta property=\"article:publisher\" content=\"https:\/\/www.facebook.com\/formacionyempleolider\/\" \/>\n<meta property=\"article:modified_time\" content=\"2025-06-10T07:48:51+00:00\" \/>\n<meta property=\"og:image\" content=\"https:\/\/formacionlider.es\/wp-content\/uploads\/2025\/05\/LIDERT.png\" \/>\n\t<meta property=\"og:image:width\" content=\"355\" \/>\n\t<meta property=\"og:image:height\" content=\"331\" \/>\n\t<meta property=\"og:image:type\" content=\"image\/png\" \/>\n<meta name=\"twitter:card\" content=\"summary_large_image\" \/>\n<meta name=\"twitter:label1\" content=\"Est. reading time\" \/>\n\t<meta name=\"twitter:data1\" content=\"1 minute\" \/>\n<script type=\"application\/ld+json\" class=\"yoast-schema-graph\">{\"@context\":\"https:\/\/schema.org\",\"@graph\":[{\"@type\":\"WebPage\",\"@id\":\"https:\/\/formacionlider.es\/sugerencias-y-reclamaciones\",\"url\":\"https:\/\/formacionlider.es\/sugerencias-y-reclamaciones\",\"name\":\"Sugerencias y reclamaciones | Formaci\u00f3n y Empleo L\u00edder\",\"isPartOf\":{\"@id\":\"https:\/\/formacionlider.es\/#website\"},\"datePublished\":\"2025-04-21T06:54:59+00:00\",\"dateModified\":\"2025-06-10T07:48:51+00:00\",\"description\":\"\u00bfBuscas trabajo en Albacete? Nuestra agencia te ofrece asesoramiento experto y te conecta con empresas l\u00edderes.\",\"breadcrumb\":{\"@id\":\"https:\/\/formacionlider.es\/sugerencias-y-reclamaciones#breadcrumb\"},\"inLanguage\":\"en-US\",\"potentialAction\":[{\"@type\":\"ReadAction\",\"target\":[\"https:\/\/formacionlider.es\/sugerencias-y-reclamaciones\"]}]},{\"@type\":\"BreadcrumbList\",\"@id\":\"https:\/\/formacionlider.es\/sugerencias-y-reclamaciones#breadcrumb\",\"itemListElement\":[{\"@type\":\"ListItem\",\"position\":1,\"name\":\"Portada\",\"item\":\"https:\/\/formacionlider.es\/\"},{\"@type\":\"ListItem\",\"position\":2,\"name\":\"Sugerencias y reclamaciones\"}]},{\"@type\":\"WebSite\",\"@id\":\"https:\/\/formacionlider.es\/#website\",\"url\":\"https:\/\/formacionlider.es\/\",\"name\":\"Formaci\u00f3n y Empleo L\u00edder\",\"description\":\"Cursos de formaci\u00f3n en Albacete | Formaci\u00f3n bonificada, FP Dual y Bolsa de Empleo\",\"publisher\":{\"@id\":\"https:\/\/formacionlider.es\/#organization\"},\"alternateName\":\"Formaci\u00f3n L\u00edder\",\"potentialAction\":[{\"@type\":\"SearchAction\",\"target\":{\"@type\":\"EntryPoint\",\"urlTemplate\":\"https:\/\/formacionlider.es\/?s={search_term_string}\"},\"query-input\":{\"@type\":\"PropertyValueSpecification\",\"valueRequired\":true,\"valueName\":\"search_term_string\"}}],\"inLanguage\":\"en-US\"},{\"@type\":\"Organization\",\"@id\":\"https:\/\/formacionlider.es\/#organization\",\"name\":\"Formaci\u00f3n y Empleo L\u00edder, S.L.\",\"alternateName\":\"Formaci\u00f3n y Empleo L\u00edder\",\"url\":\"https:\/\/formacionlider.es\/\",\"logo\":{\"@type\":\"ImageObject\",\"inLanguage\":\"en-US\",\"@id\":\"https:\/\/formacionlider.es\/#\/schema\/logo\/image\/\",\"url\":\"https:\/\/formacionlider.es\/wp-content\/uploads\/2025\/05\/cropped-LIDERT.png\",\"contentUrl\":\"https:\/\/formacionlider.es\/wp-content\/uploads\/2025\/05\/cropped-LIDERT.png\",\"width\":355,\"height\":331,\"caption\":\"Formaci\u00f3n y Empleo L\u00edder, S.L.\"},\"image\":{\"@id\":\"https:\/\/formacionlider.es\/#\/schema\/logo\/image\/\"},\"sameAs\":[\"https:\/\/www.facebook.com\/formacionyempleolider\/\"]}]}<\/script>\n<!-- \/ Yoast SEO plugin. -->","yoast_head_json":{"title":"Sugerencias y reclamaciones | Formaci\u00f3n y Empleo L\u00edder","description":"\u00bfBuscas trabajo en Albacete? Nuestra agencia te ofrece asesoramiento experto y te conecta con empresas l\u00edderes.","robots":{"index":"index","follow":"follow","max-snippet":"max-snippet:-1","max-image-preview":"max-image-preview:large","max-video-preview":"max-video-preview:-1"},"canonical":"https:\/\/formacionlider.es\/en\/sugerencias-y-reclamaciones\/","og_locale":"en_US","og_type":"article","og_title":"Sugerencias y reclamaciones | Formaci\u00f3n y Empleo L\u00edder","og_description":"\u00bfBuscas trabajo en Albacete? Nuestra agencia te ofrece asesoramiento experto y te conecta con empresas l\u00edderes.","og_url":"https:\/\/formacionlider.es\/en\/sugerencias-y-reclamaciones\/","og_site_name":"Formaci\u00f3n y Empleo L\u00edder","article_publisher":"https:\/\/www.facebook.com\/formacionyempleolider\/","article_modified_time":"2025-06-10T07:48:51+00:00","og_image":[{"width":355,"height":331,"url":"https:\/\/formacionlider.es\/wp-content\/uploads\/2025\/05\/LIDERT.png","type":"image\/png"}],"twitter_card":"summary_large_image","twitter_misc":{"Est. reading time":"1 minute"},"schema":{"@context":"https:\/\/schema.org","@graph":[{"@type":"WebPage","@id":"https:\/\/formacionlider.es\/sugerencias-y-reclamaciones","url":"https:\/\/formacionlider.es\/sugerencias-y-reclamaciones","name":"Sugerencias y reclamaciones | Formaci\u00f3n y Empleo L\u00edder","isPartOf":{"@id":"https:\/\/formacionlider.es\/#website"},"datePublished":"2025-04-21T06:54:59+00:00","dateModified":"2025-06-10T07:48:51+00:00","description":"\u00bfBuscas trabajo en Albacete? Nuestra agencia te ofrece asesoramiento experto y te conecta con empresas l\u00edderes.","breadcrumb":{"@id":"https:\/\/formacionlider.es\/sugerencias-y-reclamaciones#breadcrumb"},"inLanguage":"en-US","potentialAction":[{"@type":"ReadAction","target":["https:\/\/formacionlider.es\/sugerencias-y-reclamaciones"]}]},{"@type":"BreadcrumbList","@id":"https:\/\/formacionlider.es\/sugerencias-y-reclamaciones#breadcrumb","itemListElement":[{"@type":"ListItem","position":1,"name":"Portada","item":"https:\/\/formacionlider.es\/"},{"@type":"ListItem","position":2,"name":"Sugerencias y reclamaciones"}]},{"@type":"WebSite","@id":"https:\/\/formacionlider.es\/#website","url":"https:\/\/formacionlider.es\/","name":"Formaci\u00f3n y Empleo L\u00edder","description":"Cursos de formaci\u00f3n en Albacete | Formaci\u00f3n bonificada, FP Dual y Bolsa de Empleo","publisher":{"@id":"https:\/\/formacionlider.es\/#organization"},"alternateName":"Formaci\u00f3n L\u00edder","potentialAction":[{"@type":"SearchAction","target":{"@type":"EntryPoint","urlTemplate":"https:\/\/formacionlider.es\/?s={search_term_string}"},"query-input":{"@type":"PropertyValueSpecification","valueRequired":true,"valueName":"search_term_string"}}],"inLanguage":"en-US"},{"@type":"Organization","@id":"https:\/\/formacionlider.es\/#organization","name":"Formaci\u00f3n y Empleo L\u00edder, S.L.","alternateName":"Formaci\u00f3n y Empleo L\u00edder","url":"https:\/\/formacionlider.es\/","logo":{"@type":"ImageObject","inLanguage":"en-US","@id":"https:\/\/formacionlider.es\/#\/schema\/logo\/image\/","url":"https:\/\/formacionlider.es\/wp-content\/uploads\/2025\/05\/cropped-LIDERT.png","contentUrl":"https:\/\/formacionlider.es\/wp-content\/uploads\/2025\/05\/cropped-LIDERT.png","width":355,"height":331,"caption":"Formaci\u00f3n y Empleo L\u00edder, S.L."},"image":{"@id":"https:\/\/formacionlider.es\/#\/schema\/logo\/image\/"},"sameAs":["https:\/\/www.facebook.com\/formacionyempleolider\/"]}]}},"_links":{"self":[{"href":"https:\/\/formacionlider.es\/en\/wp-json\/wp\/v2\/pages\/8242","targetHints":{"allow":["GET"]}}],"collection":[{"href":"https:\/\/formacionlider.es\/en\/wp-json\/wp\/v2\/pages"}],"about":[{"href":"https:\/\/formacionlider.es\/en\/wp-json\/wp\/v2\/types\/page"}],"author":[{"embeddable":true,"href":"https:\/\/formacionlider.es\/en\/wp-json\/wp\/v2\/users\/1"}],"replies":[{"embeddable":true,"href":"https:\/\/formacionlider.es\/en\/wp-json\/wp\/v2\/comments?post=8242"}],"version-history":[{"count":79,"href":"https:\/\/formacionlider.es\/en\/wp-json\/wp\/v2\/pages\/8242\/revisions"}],"predecessor-version":[{"id":16078,"href":"https:\/\/formacionlider.es\/en\/wp-json\/wp\/v2\/pages\/8242\/revisions\/16078"}],"wp:attachment":[{"href":"https:\/\/formacionlider.es\/en\/wp-json\/wp\/v2\/media?parent=8242"}],"curies":[{"name":"wp","href":"https:\/\/api.w.org\/{rel}","templated":true}]}}