{"id":40,"date":"2024-12-02T13:15:02","date_gmt":"2024-12-02T12:15:02","guid":{"rendered":"http:\/\/formacionlider.es\/?page_id=40"},"modified":"2025-10-30T17:21:00","modified_gmt":"2025-10-30T16:21:00","slug":"contacto","status":"publish","type":"page","link":"https:\/\/formacionlider.es\/en\/contacto","title":{"rendered":"Contact"},"content":{"rendered":"\t\t<div data-elementor-type=\"wp-page\" data-elementor-id=\"40\" class=\"elementor elementor-40\" data-elementor-post-type=\"page\">\n\t\t\t\t<div data-dce-background-color=\"#000000\" data-dce-background-image-url=\"https:\/\/formacionlider.es\/wp-content\/uploads\/2025\/06\/hero-top-contaco.webp\" class=\"elementor-element elementor-element-272df99 e-flex e-con-boxed e-con e-parent\" data-id=\"272df99\" data-element_type=\"container\" data-e-type=\"container\" data-settings=\"{&quot;background_background&quot;:&quot;classic&quot;}\">\n\t\t\t\t\t<div class=\"e-con-inner\">\n\t\t\t\t<div class=\"elementor-element elementor-element-b89f402 elementor-widget elementor-widget-heading\" data-id=\"b89f402\" data-element_type=\"widget\" data-e-type=\"widget\" data-widget_type=\"heading.default\">\n\t\t\t\t<div class=\"elementor-widget-container\">\n\t\t\t\t\t<h1 class=\"elementor-heading-title elementor-size-default\">Contacto<\/h1>\t\t\t\t<\/div>\n\t\t\t\t<\/div>\n\t\t\t\t<div class=\"elementor-element elementor-element-51712e6 elementor-widget elementor-widget-text-editor\" data-id=\"51712e6\" data-element_type=\"widget\" data-e-type=\"widget\" data-widget_type=\"text-editor.default\">\n\t\t\t\t<div class=\"elementor-widget-container\">\n\t\t\t\t\t\t\t\t\t<p>Estamos aqu\u00ed para ayudarte a avanzar en tu formaci\u00f3n<\/p>\t\t\t\t\t\t\t\t<\/div>\n\t\t\t\t<\/div>\n\t\t\t\t\t<\/div>\n\t\t\t\t<\/div>\n\t\t<div class=\"elementor-element elementor-element-a2a753d e-flex e-con-boxed e-con e-parent\" data-id=\"a2a753d\" data-element_type=\"container\" data-e-type=\"container\">\n\t\t\t\t\t<div class=\"e-con-inner\">\n\t\t<div class=\"elementor-element elementor-element-8429a19 e-con-full e-flex e-con e-child\" data-id=\"8429a19\" data-element_type=\"container\" data-e-type=\"container\">\n\t\t<div class=\"elementor-element elementor-element-13b9018 e-con-full e-flex e-con e-child\" data-id=\"13b9018\" data-element_type=\"container\" data-e-type=\"container\">\n\t\t\t\t<div class=\"elementor-element elementor-element-2cf666e elementor-widget elementor-widget-heading\" data-id=\"2cf666e\" data-element_type=\"widget\" data-e-type=\"widget\" data-widget_type=\"heading.default\">\n\t\t\t\t<div class=\"elementor-widget-container\">\n\t\t\t\t\t<h2 class=\"elementor-heading-title elementor-size-default\">Formaci\u00f3n Lider<\/h2>\t\t\t\t<\/div>\n\t\t\t\t<\/div>\n\t\t\t\t<div class=\"elementor-element elementor-element-13d5ad3 elementor-widget elementor-widget-text-editor\" data-id=\"13d5ad3\" data-element_type=\"widget\" data-e-type=\"widget\" data-widget_type=\"text-editor.default\">\n\t\t\t\t<div class=\"elementor-widget-container\">\n\t\t\t\t\t\t\t\t\t<p class=\"p1\"><span class=\"s1\">Calle Albarderos, 12 Bajo,<\/span><\/p><p class=\"p1\"><span class=\"s1\"><br \/><\/span><span class=\"s1\">02004,\u00a0<\/span><span class=\"s1\">Albacete.<\/span><\/p>\t\t\t\t\t\t\t\t<\/div>\n\t\t\t\t<\/div>\n\t\t\t\t<div class=\"elementor-element elementor-element-d4680a6 elementor-widget elementor-widget-text-editor\" data-id=\"d4680a6\" data-element_type=\"widget\" data-e-type=\"widget\" data-widget_type=\"text-editor.default\">\n\t\t\t\t<div class=\"elementor-widget-container\">\n\t\t\t\t\t\t\t\t\t<p><a href=\"tel:+34967614064\">967 61 40 64<\/a><br \/><a href=\"tel:+34967616727\">967 61 67 27<\/a><\/p>\t\t\t\t\t\t\t\t<\/div>\n\t\t\t\t<\/div>\n\t\t\t\t<\/div>\n\t\t\t\t<\/div>\n\t\t\t\t\t<\/div>\n\t\t\t\t<\/div>\n\t\t<div class=\"elementor-element elementor-element-2a63328 e-flex e-con-boxed e-con e-parent\" data-id=\"2a63328\" data-element_type=\"container\" data-e-type=\"container\">\n\t\t\t\t\t<div class=\"e-con-inner\">\n\t\t<div class=\"elementor-element elementor-element-393eb61 e-con-full e-flex e-con e-child\" data-id=\"393eb61\" data-element_type=\"container\" data-e-type=\"container\">\n\t\t\t\t<div class=\"elementor-element elementor-element-ce14c62 elementor-view-default elementor-widget elementor-widget-icon\" data-id=\"ce14c62\" data-element_type=\"widget\" data-e-type=\"widget\" data-widget_type=\"icon.default\">\n\t\t\t\t<div class=\"elementor-widget-container\">\n\t\t\t\t\t\t\t<div class=\"elementor-icon-wrapper\">\n\t\t\t<div class=\"elementor-icon\">\n\t\t\t<svg aria-hidden=\"true\" class=\"e-font-icon-svg e-fas-envelope-open-text\" viewBox=\"0 0 512 512\" xmlns=\"http:\/\/www.w3.org\/2000\/svg\"><path d=\"M176 216h160c8.84 0 16-7.16 16-16v-16c0-8.84-7.16-16-16-16H176c-8.84 0-16 7.16-16 16v16c0 8.84 7.16 16 16 16zm-16 80c0 8.84 7.16 16 16 16h160c8.84 0 16-7.16 16-16v-16c0-8.84-7.16-16-16-16H176c-8.84 0-16 7.16-16 16v16zm96 121.13c-16.42 0-32.84-5.06-46.86-15.19L0 250.86V464c0 26.51 21.49 48 48 48h416c26.51 0 48-21.49 48-48V250.86L302.86 401.94c-14.02 10.12-30.44 15.19-46.86 15.19zm237.61-254.18c-8.85-6.94-17.24-13.47-29.61-22.81V96c0-26.51-21.49-48-48-48h-77.55c-3.04-2.2-5.87-4.26-9.04-6.56C312.6 29.17 279.2-.35 256 0c-23.2-.35-56.59 29.17-73.41 41.44-3.17 2.3-6 4.36-9.04 6.56H96c-26.51 0-48 21.49-48 48v44.14c-12.37 9.33-20.76 15.87-29.61 22.81A47.995 47.995 0 0 0 0 200.72v10.65l96 69.35V96h320v184.72l96-69.35v-10.65c0-14.74-6.78-28.67-18.39-37.77z\"><\/path><\/svg>\t\t\t<\/div>\n\t\t<\/div>\n\t\t\t\t\t\t<\/div>\n\t\t\t\t<\/div>\n\t\t\t\t<div class=\"elementor-element elementor-element-c946718 elementor-widget elementor-widget-heading\" data-id=\"c946718\" data-element_type=\"widget\" data-e-type=\"widget\" data-widget_type=\"heading.default\">\n\t\t\t\t<div class=\"elementor-widget-container\">\n\t\t\t\t\t<h2 class=\"elementor-heading-title elementor-size-default\">Email<\/h2>\t\t\t\t<\/div>\n\t\t\t\t<\/div>\n\t\t\t\t<div class=\"elementor-element elementor-element-76f21c3 elementor-widget elementor-widget-text-editor\" data-id=\"76f21c3\" data-element_type=\"widget\" data-e-type=\"widget\" data-widget_type=\"text-editor.default\">\n\t\t\t\t<div class=\"elementor-widget-container\">\n\t\t\t\t\t\t\t\t\t<p><a href=\"mailto:cursos@formacionlider.es\">cursos@formacionlider.es<\/a><\/p>\t\t\t\t\t\t\t\t<\/div>\n\t\t\t\t<\/div>\n\t\t\t\t<\/div>\n\t\t<div class=\"elementor-element elementor-element-814224e e-con-full e-flex e-con e-child\" data-id=\"814224e\" data-element_type=\"container\" data-e-type=\"container\">\n\t\t\t\t<div class=\"elementor-element elementor-element-d45961b elementor-view-default elementor-widget elementor-widget-icon\" data-id=\"d45961b\" data-element_type=\"widget\" data-e-type=\"widget\" data-widget_type=\"icon.default\">\n\t\t\t\t<div class=\"elementor-widget-container\">\n\t\t\t\t\t\t\t<div class=\"elementor-icon-wrapper\">\n\t\t\t<div class=\"elementor-icon\">\n\t\t\t<svg aria-hidden=\"true\" class=\"e-font-icon-svg e-fas-clock\" viewBox=\"0 0 512 512\" xmlns=\"http:\/\/www.w3.org\/2000\/svg\"><path d=\"M256,8C119,8,8,119,8,256S119,504,256,504,504,393,504,256,393,8,256,8Zm92.49,313h0l-20,25a16,16,0,0,1-22.49,2.5h0l-67-49.72a40,40,0,0,1-15-31.23V112a16,16,0,0,1,16-16h32a16,16,0,0,1,16,16V256l58,42.5A16,16,0,0,1,348.49,321Z\"><\/path><\/svg>\t\t\t<\/div>\n\t\t<\/div>\n\t\t\t\t\t\t<\/div>\n\t\t\t\t<\/div>\n\t\t\t\t<div class=\"elementor-element elementor-element-b234b5c elementor-widget elementor-widget-heading\" data-id=\"b234b5c\" data-element_type=\"widget\" data-e-type=\"widget\" data-widget_type=\"heading.default\">\n\t\t\t\t<div class=\"elementor-widget-container\">\n\t\t\t\t\t<h2 class=\"elementor-heading-title elementor-size-default\">Horario de atenci\u00f3n al p\u00fablico<\/h2>\t\t\t\t<\/div>\n\t\t\t\t<\/div>\n\t\t\t\t<div class=\"elementor-element elementor-element-3992d8b elementor-widget elementor-widget-text-editor\" data-id=\"3992d8b\" data-element_type=\"widget\" data-e-type=\"widget\" data-widget_type=\"text-editor.default\">\n\t\t\t\t<div class=\"elementor-widget-container\">\n\t\t\t\t\t\t\t\t\t<p>De lunes a viernes: 9:00 &#8211; 14:00<\/p>\t\t\t\t\t\t\t\t<\/div>\n\t\t\t\t<\/div>\n\t\t\t\t<\/div>\n\t\t\t\t\t<\/div>\n\t\t\t\t<\/div>\n\t\t<section data-dce-background-image-url=\"https:\/\/formacionlider.es\/wp-content\/uploads\/2025\/06\/hero-contacto-scaled.webp\" class=\"elementor-element elementor-element-dbd6b03 e-flex e-con-boxed e-con e-parent\" data-id=\"dbd6b03\" data-element_type=\"container\" data-e-type=\"container\" id=\"formulario-contacto\" data-settings=\"{&quot;background_background&quot;:&quot;classic&quot;}\">\n\t\t\t\t\t<div class=\"e-con-inner\">\n\t\t<div data-dce-background-color=\"#4A4A4A96\" class=\"elementor-element elementor-element-97a481d e-con-full e-flex e-con e-child\" data-id=\"97a481d\" data-element_type=\"container\" data-e-type=\"container\" data-settings=\"{&quot;background_background&quot;:&quot;classic&quot;}\">\n\t\t\t\t<div class=\"elementor-element elementor-element-aab7301 elementor-widget elementor-widget-heading\" data-id=\"aab7301\" data-element_type=\"widget\" data-e-type=\"widget\" data-widget_type=\"heading.default\">\n\t\t\t\t<div class=\"elementor-widget-container\">\n\t\t\t\t\t<h2 class=\"elementor-heading-title elementor-size-default\">\u00bfTienes dudas?<\/h2>\t\t\t\t<\/div>\n\t\t\t\t<\/div>\n\t\t\t\t<div class=\"elementor-element elementor-element-6705375 elementor-widget elementor-widget-heading\" data-id=\"6705375\" data-element_type=\"widget\" data-e-type=\"widget\" data-widget_type=\"heading.default\">\n\t\t\t\t<div class=\"elementor-widget-container\">\n\t\t\t\t\t<p class=\"elementor-heading-title elementor-size-default\">Env\u00edanos un mensaje<\/p>\t\t\t\t<\/div>\n\t\t\t\t<\/div>\n\t\t\t\t<div class=\"elementor-element elementor-element-e2d1f70 elementor-button-align-stretch elementor-widget elementor-widget-form\" data-id=\"e2d1f70\" data-element_type=\"widget\" data-e-type=\"widget\" data-settings=\"{&quot;button_width&quot;:&quot;33&quot;,&quot;step_next_label&quot;:&quot;Next&quot;,&quot;step_previous_label&quot;:&quot;Previous&quot;,&quot;dce_confirm_dialog_enabled&quot;:&quot;no&quot;,&quot;step_type&quot;:&quot;number_text&quot;,&quot;step_icon_shape&quot;:&quot;circle&quot;,&quot;label_icon_size&quot;:{&quot;unit&quot;:&quot;px&quot;,&quot;size&quot;:&quot;&quot;,&quot;sizes&quot;:[]},&quot;field_icon_size&quot;:{&quot;unit&quot;:&quot;px&quot;,&quot;size&quot;:&quot;&quot;,&quot;sizes&quot;:[]}}\" data-widget_type=\"form.default\">\n\t\t\t\t<div class=\"elementor-widget-container\">\n\t\t\t\t\t\t\t<form class=\"elementor-form\" method=\"post\" id=\"contacto\" name=\"New Form\" aria-label=\"New Form\">\n\t\t\t<input type=\"hidden\" name=\"post_id\" value=\"40\"\/>\n\t\t\t<input type=\"hidden\" name=\"form_id\" value=\"e2d1f70\"\/>\n\t\t\t<input type=\"hidden\" name=\"referer_title\" value=\"Formaci\u00f3n y Empleo L\u00edder\" \/>\n\n\t\t\t\n\t\t\t<div class=\"elementor-form-fields-wrapper elementor-labels-above\">\n\t\t\t\t\t\t\t\t<div class=\"elementor-field-type-text elementor-field-group elementor-column elementor-field-group-nombre elementor-col-100 elementor-field-required elementor-mark-required\">\n\t\t\t\t\t\t\t\t\t\t\t\t<label for=\"form-field-nombre\" class=\"elementor-field-label\">\n\t\t\t\t\t\t\t\tNombre\t\t\t\t\t\t\t<\/label>\n\t\t\t\t\t\t\t\t\t\t\t\t\t\t<input size=\"1\" type=\"text\" name=\"form_fields[nombre]\" id=\"form-field-nombre\" class=\"elementor-field elementor-size-sm  elementor-field-textual\" required=\"required\">\n\t\t\t\t\t\t\t\t\t\t\t<\/div>\n\t\t\t\t\t\t\t\t<div class=\"elementor-field-type-email elementor-field-group elementor-column elementor-field-group-email elementor-col-100 elementor-field-required elementor-mark-required\">\n\t\t\t\t\t\t\t\t\t\t\t\t<label for=\"form-field-email\" class=\"elementor-field-label\">\n\t\t\t\t\t\t\t\tEmail\t\t\t\t\t\t\t<\/label>\n\t\t\t\t\t\t\t\t\t\t\t\t\t\t<input size=\"1\" type=\"email\" name=\"form_fields[email]\" id=\"form-field-email\" class=\"elementor-field elementor-size-sm  elementor-field-textual\" required=\"required\">\n\t\t\t\t\t\t\t\t\t\t\t<\/div>\n\t\t\t\t\t\t\t\t<div class=\"elementor-field-type-text elementor-field-group elementor-column elementor-field-group-telefono elementor-col-100\">\n\t\t\t\t\t\t\t\t\t\t\t\t<label for=\"form-field-telefono\" class=\"elementor-field-label\">\n\t\t\t\t\t\t\t\tTel\u00e9fono\t\t\t\t\t\t\t<\/label>\n\t\t\t\t\t\t\t\t\t\t\t\t\t\t<input size=\"1\" type=\"text\" name=\"form_fields[telefono]\" id=\"form-field-telefono\" class=\"elementor-field elementor-size-sm  elementor-field-textual\">\n\t\t\t\t\t\t\t\t\t\t\t<\/div>\n\t\t\t\t\t\t\t\t<div class=\"elementor-field-type-textarea elementor-field-group elementor-column elementor-field-group-cursos elementor-col-100\">\n\t\t\t\t\t\t\t\t\t\t\t\t<label for=\"form-field-cursos\" class=\"elementor-field-label\">\n\t\t\t\t\t\t\t\tCursos de inter\u00e9s\t\t\t\t\t\t\t<\/label>\n\t\t\t\t\t\t<textarea class=\"elementor-field-textual elementor-field  elementor-size-sm\" name=\"form_fields[cursos]\" id=\"form-field-cursos\" rows=\"1\"><\/textarea>\t\t\t\t<\/div>\n\t\t\t\t\t\t\t\t<div class=\"elementor-field-type-textarea elementor-field-group elementor-column elementor-field-group-mensaje elementor-col-100 elementor-field-required elementor-mark-required\">\n\t\t\t\t\t\t\t\t\t\t\t\t<label for=\"form-field-mensaje\" class=\"elementor-field-label\">\n\t\t\t\t\t\t\t\tMensaje\t\t\t\t\t\t\t<\/label>\n\t\t\t\t\t\t<textarea class=\"elementor-field-textual elementor-field  elementor-size-sm\" name=\"form_fields[mensaje]\" id=\"form-field-mensaje\" rows=\"4\" required=\"required\"><\/textarea>\t\t\t\t<\/div>\n\t\t\t\t\t\t\t\t<div class=\"elementor-field-type-acceptance elementor-field-group elementor-column elementor-field-group-aceptacion elementor-col-100 elementor-field-required elementor-mark-required\">\n\t\t\t\t\t\t\t<div class=\"elementor-field-subgroup\">\n\t\t\t<span class=\"elementor-field-option\">\n\t\t\t\t<input type=\"checkbox\" name=\"form_fields[aceptacion]\" id=\"form-field-aceptacion\" class=\"elementor-field elementor-size-sm  elementor-acceptance-field\" required=\"required\">\n\t\t\t\t<label for=\"form-field-aceptacion\">He le\u00eddo y acepto el <a href=\"\/aviso-legal\" style=\"text-decoration:underline;color:#FFF;\">aviso legal<\/a> y la <a href=\"\/politica-de-privacidad\" style=\"text-decoration:underline;color:#FFF;\">pol\u00edtica de privacidad<\/a><\/label>\t\t\t<\/span>\n\t\t<\/div>\n\t\t\t\t\t\t<\/div>\n\t\t\t\t\t\t\t\t<div class=\"elementor-field-type-recaptcha_v3 elementor-field-group elementor-column elementor-field-group-field_c4eace0 elementor-col-100 recaptcha_v3-bottomleft\">\n\t\t\t\t\t<div class=\"elementor-field\" id=\"form-field-field_c4eace0\"><div class=\"elementor-g-recaptcha\" data-sitekey=\"6Lfo73QrAAAAABGO687NXWhfvOVbrWP00Br0opJH\" data-type=\"v3\" data-action=\"Form\" data-badge=\"bottomleft\" data-size=\"invisible\"><\/div><\/div>\t\t\t\t<\/div>\n\t\t\t\t\t\t\t\t<div class=\"elementor-field-group elementor-column elementor-field-type-submit elementor-col-33 e-form__buttons\">\n\t\t\t\t\t<button class=\"elementor-button elementor-size-md\" type=\"submit\">\n\t\t\t\t\t\t<span class=\"elementor-button-content-wrapper\">\n\t\t\t\t\t\t\t\t\t\t\t\t\t\t\t\t\t\t\t\t\t\t<span class=\"elementor-button-text\">Enviar<\/span>\n\t\t\t\t\t\t\t\t\t\t\t\t\t<\/span>\n\t\t\t\t\t<\/button>\n\t\t\t\t<\/div>\n\t\t\t<\/div>\n\t\t<\/form>\n\t\t\t\t\t\t<\/div>\n\t\t\t\t<\/div>\n\t\t\t\t<div class=\"elementor-element elementor-element-36b3574 elementor-widget elementor-widget-text-editor\" data-id=\"36b3574\" data-element_type=\"widget\" data-e-type=\"widget\" data-widget_type=\"text-editor.default\">\n\t\t\t\t<div class=\"elementor-widget-container\">\n\t\t\t\t\t\t\t\t\t<p>Responsable del tratamiento: Formaci\u00f3n y Empleo L\u00edder, S.L.<\/p><p>Finalidad: Obtenci\u00f3n de tu consentimiento para responder a las cuestiones que nos planteas a trav\u00e9s de nuestro formulario de contacto.<\/p><p>Legitimaci\u00f3n: Consentimiento del interesado.<\/p><p>Destinatarios: No se ceder\u00e1n datos a terceros, salvo obligaci\u00f3n legal.<br \/>Derechos: De acceso, rectificaci\u00f3n, supresi\u00f3n, oposici\u00f3n, olvido y a la portabilidad de los datos.<\/p><p>Informaci\u00f3n adicional: Puedes consultar la informaci\u00f3n adicional y detallada sobre Protecci\u00f3n de Datos escribiendo a <a style=\"font-size: 12px; color: #fff; text-decoration: underline;\" href=\"mailto:privacidad@formacionlider.es\">privacidad@formacionlider.es<\/a><\/p>\t\t\t\t\t\t\t\t<\/div>\n\t\t\t\t<\/div>\n\t\t\t\t<\/div>\n\t\t\t\t\t<\/div>\n\t\t\t\t<\/section>\n\t\t\t\t<\/div>\n\t\t","protected":false},"excerpt":{"rendered":"<p>Contacto Estamos aqu\u00ed para ayudarte a avanzar en tu formaci\u00f3n Formaci\u00f3n Lider Calle Albarderos, 12 Bajo, 02004,\u00a0Albacete. 967 61 40 64967 61 67 27 Email cursos@formacionlider.es Horario de atenci\u00f3n al p\u00fablico De lunes a viernes: 9:00 &#8211; 14:00 \u00bfTienes dudas? Env\u00edanos un mensaje Responsable del tratamiento: Formaci\u00f3n y Empleo L\u00edder, S.L. Finalidad: Obtenci\u00f3n de tu [&hellip;]<\/p>\n","protected":false},"author":1,"featured_media":0,"parent":0,"menu_order":0,"comment_status":"closed","ping_status":"closed","template":"","meta":{"inline_featured_image":false,"_joinchat":[],"footnotes":""},"class_list":["post-40","page","type-page","status-publish","hentry"],"yoast_head":"<!-- This site is optimized with the Yoast SEO plugin v26.9 - https:\/\/yoast.com\/product\/yoast-seo-wordpress\/ -->\n<title>Contacto | Formaci\u00f3n y Empleo L\u00edder<\/title>\n<meta name=\"description\" content=\"Contacta con nuestro centro de formaci\u00f3n en Albacete. Resuelve tus dudas sobre cursos bonificados, FP Dual, servicios de empleo y oposiciones.\" \/>\n<meta name=\"robots\" content=\"index, follow, max-snippet:-1, max-image-preview:large, max-video-preview:-1\" \/>\n<link rel=\"canonical\" href=\"https:\/\/formacionlider.es\/en\/contacto\/\" \/>\n<meta property=\"og:locale\" content=\"en_US\" \/>\n<meta property=\"og:type\" content=\"article\" \/>\n<meta property=\"og:title\" content=\"Contacto | Formaci\u00f3n y Empleo L\u00edder\" \/>\n<meta property=\"og:description\" content=\"Contacta con nuestro centro de formaci\u00f3n en Albacete. Resuelve tus dudas sobre cursos bonificados, FP Dual, servicios de empleo y oposiciones.\" \/>\n<meta property=\"og:url\" content=\"https:\/\/formacionlider.es\/en\/contacto\/\" \/>\n<meta property=\"og:site_name\" content=\"Formaci\u00f3n y Empleo L\u00edder\" \/>\n<meta property=\"article:publisher\" content=\"https:\/\/www.facebook.com\/formacionyempleolider\/\" \/>\n<meta property=\"article:modified_time\" content=\"2025-10-30T16:21:00+00:00\" \/>\n<meta property=\"og:image\" content=\"https:\/\/formacionlider.es\/wp-content\/uploads\/2025\/05\/LIDERT.png\" \/>\n\t<meta property=\"og:image:width\" content=\"355\" \/>\n\t<meta property=\"og:image:height\" content=\"331\" \/>\n\t<meta property=\"og:image:type\" content=\"image\/png\" \/>\n<meta name=\"twitter:card\" content=\"summary_large_image\" \/>\n<meta name=\"twitter:label1\" content=\"Est. reading time\" \/>\n\t<meta name=\"twitter:data1\" content=\"1 minute\" \/>\n<script type=\"application\/ld+json\" class=\"yoast-schema-graph\">{\"@context\":\"https:\/\/schema.org\",\"@graph\":[{\"@type\":\"WebPage\",\"@id\":\"https:\/\/formacionlider.es\/contacto\",\"url\":\"https:\/\/formacionlider.es\/contacto\",\"name\":\"Contacto | Formaci\u00f3n y Empleo L\u00edder\",\"isPartOf\":{\"@id\":\"https:\/\/formacionlider.es\/#website\"},\"datePublished\":\"2024-12-02T12:15:02+00:00\",\"dateModified\":\"2025-10-30T16:21:00+00:00\",\"description\":\"Contacta con nuestro centro de formaci\u00f3n en Albacete. Resuelve tus dudas sobre cursos bonificados, FP Dual, servicios de empleo y oposiciones.\",\"breadcrumb\":{\"@id\":\"https:\/\/formacionlider.es\/contacto#breadcrumb\"},\"inLanguage\":\"en-US\",\"potentialAction\":[{\"@type\":\"ReadAction\",\"target\":[\"https:\/\/formacionlider.es\/contacto\"]}]},{\"@type\":\"BreadcrumbList\",\"@id\":\"https:\/\/formacionlider.es\/contacto#breadcrumb\",\"itemListElement\":[{\"@type\":\"ListItem\",\"position\":1,\"name\":\"Portada\",\"item\":\"https:\/\/formacionlider.es\/\"},{\"@type\":\"ListItem\",\"position\":2,\"name\":\"Contacto\"}]},{\"@type\":\"WebSite\",\"@id\":\"https:\/\/formacionlider.es\/#website\",\"url\":\"https:\/\/formacionlider.es\/\",\"name\":\"Formaci\u00f3n y Empleo L\u00edder\",\"description\":\"Cursos de formaci\u00f3n en Albacete | Formaci\u00f3n bonificada, FP Dual y Bolsa de Empleo\",\"publisher\":{\"@id\":\"https:\/\/formacionlider.es\/#organization\"},\"alternateName\":\"Formaci\u00f3n L\u00edder\",\"potentialAction\":[{\"@type\":\"SearchAction\",\"target\":{\"@type\":\"EntryPoint\",\"urlTemplate\":\"https:\/\/formacionlider.es\/?s={search_term_string}\"},\"query-input\":{\"@type\":\"PropertyValueSpecification\",\"valueRequired\":true,\"valueName\":\"search_term_string\"}}],\"inLanguage\":\"en-US\"},{\"@type\":\"Organization\",\"@id\":\"https:\/\/formacionlider.es\/#organization\",\"name\":\"Formaci\u00f3n y Empleo L\u00edder, S.L.\",\"alternateName\":\"Formaci\u00f3n y Empleo L\u00edder\",\"url\":\"https:\/\/formacionlider.es\/\",\"logo\":{\"@type\":\"ImageObject\",\"inLanguage\":\"en-US\",\"@id\":\"https:\/\/formacionlider.es\/#\/schema\/logo\/image\/\",\"url\":\"https:\/\/formacionlider.es\/wp-content\/uploads\/2025\/05\/cropped-LIDERT.png\",\"contentUrl\":\"https:\/\/formacionlider.es\/wp-content\/uploads\/2025\/05\/cropped-LIDERT.png\",\"width\":355,\"height\":331,\"caption\":\"Formaci\u00f3n y Empleo L\u00edder, S.L.\"},\"image\":{\"@id\":\"https:\/\/formacionlider.es\/#\/schema\/logo\/image\/\"},\"sameAs\":[\"https:\/\/www.facebook.com\/formacionyempleolider\/\"]}]}<\/script>\n<!-- \/ Yoast SEO plugin. -->","yoast_head_json":{"title":"Contacto | Formaci\u00f3n y Empleo L\u00edder","description":"Contacta con nuestro centro de formaci\u00f3n en Albacete. Resuelve tus dudas sobre cursos bonificados, FP Dual, servicios de empleo y oposiciones.","robots":{"index":"index","follow":"follow","max-snippet":"max-snippet:-1","max-image-preview":"max-image-preview:large","max-video-preview":"max-video-preview:-1"},"canonical":"https:\/\/formacionlider.es\/en\/contacto\/","og_locale":"en_US","og_type":"article","og_title":"Contacto | Formaci\u00f3n y Empleo L\u00edder","og_description":"Contacta con nuestro centro de formaci\u00f3n en Albacete. Resuelve tus dudas sobre cursos bonificados, FP Dual, servicios de empleo y oposiciones.","og_url":"https:\/\/formacionlider.es\/en\/contacto\/","og_site_name":"Formaci\u00f3n y Empleo L\u00edder","article_publisher":"https:\/\/www.facebook.com\/formacionyempleolider\/","article_modified_time":"2025-10-30T16:21:00+00:00","og_image":[{"width":355,"height":331,"url":"https:\/\/formacionlider.es\/wp-content\/uploads\/2025\/05\/LIDERT.png","type":"image\/png"}],"twitter_card":"summary_large_image","twitter_misc":{"Est. reading time":"1 minute"},"schema":{"@context":"https:\/\/schema.org","@graph":[{"@type":"WebPage","@id":"https:\/\/formacionlider.es\/contacto","url":"https:\/\/formacionlider.es\/contacto","name":"Contacto | Formaci\u00f3n y Empleo L\u00edder","isPartOf":{"@id":"https:\/\/formacionlider.es\/#website"},"datePublished":"2024-12-02T12:15:02+00:00","dateModified":"2025-10-30T16:21:00+00:00","description":"Contacta con nuestro centro de formaci\u00f3n en Albacete. Resuelve tus dudas sobre cursos bonificados, FP Dual, servicios de empleo y oposiciones.","breadcrumb":{"@id":"https:\/\/formacionlider.es\/contacto#breadcrumb"},"inLanguage":"en-US","potentialAction":[{"@type":"ReadAction","target":["https:\/\/formacionlider.es\/contacto"]}]},{"@type":"BreadcrumbList","@id":"https:\/\/formacionlider.es\/contacto#breadcrumb","itemListElement":[{"@type":"ListItem","position":1,"name":"Portada","item":"https:\/\/formacionlider.es\/"},{"@type":"ListItem","position":2,"name":"Contacto"}]},{"@type":"WebSite","@id":"https:\/\/formacionlider.es\/#website","url":"https:\/\/formacionlider.es\/","name":"Formaci\u00f3n y Empleo L\u00edder","description":"Cursos de formaci\u00f3n en Albacete | Formaci\u00f3n bonificada, FP Dual y Bolsa de Empleo","publisher":{"@id":"https:\/\/formacionlider.es\/#organization"},"alternateName":"Formaci\u00f3n L\u00edder","potentialAction":[{"@type":"SearchAction","target":{"@type":"EntryPoint","urlTemplate":"https:\/\/formacionlider.es\/?s={search_term_string}"},"query-input":{"@type":"PropertyValueSpecification","valueRequired":true,"valueName":"search_term_string"}}],"inLanguage":"en-US"},{"@type":"Organization","@id":"https:\/\/formacionlider.es\/#organization","name":"Formaci\u00f3n y Empleo L\u00edder, S.L.","alternateName":"Formaci\u00f3n y Empleo L\u00edder","url":"https:\/\/formacionlider.es\/","logo":{"@type":"ImageObject","inLanguage":"en-US","@id":"https:\/\/formacionlider.es\/#\/schema\/logo\/image\/","url":"https:\/\/formacionlider.es\/wp-content\/uploads\/2025\/05\/cropped-LIDERT.png","contentUrl":"https:\/\/formacionlider.es\/wp-content\/uploads\/2025\/05\/cropped-LIDERT.png","width":355,"height":331,"caption":"Formaci\u00f3n y Empleo L\u00edder, S.L."},"image":{"@id":"https:\/\/formacionlider.es\/#\/schema\/logo\/image\/"},"sameAs":["https:\/\/www.facebook.com\/formacionyempleolider\/"]}]}},"_links":{"self":[{"href":"https:\/\/formacionlider.es\/en\/wp-json\/wp\/v2\/pages\/40","targetHints":{"allow":["GET"]}}],"collection":[{"href":"https:\/\/formacionlider.es\/en\/wp-json\/wp\/v2\/pages"}],"about":[{"href":"https:\/\/formacionlider.es\/en\/wp-json\/wp\/v2\/types\/page"}],"author":[{"embeddable":true,"href":"https:\/\/formacionlider.es\/en\/wp-json\/wp\/v2\/users\/1"}],"replies":[{"embeddable":true,"href":"https:\/\/formacionlider.es\/en\/wp-json\/wp\/v2\/comments?post=40"}],"version-history":[{"count":472,"href":"https:\/\/formacionlider.es\/en\/wp-json\/wp\/v2\/pages\/40\/revisions"}],"predecessor-version":[{"id":16204,"href":"https:\/\/formacionlider.es\/en\/wp-json\/wp\/v2\/pages\/40\/revisions\/16204"}],"wp:attachment":[{"href":"https:\/\/formacionlider.es\/en\/wp-json\/wp\/v2\/media?parent=40"}],"curies":[{"name":"wp","href":"https:\/\/api.w.org\/{rel}","templated":true}]}}