{"id":3,"date":"2024-12-02T11:02:05","date_gmt":"2024-12-02T10:02:05","guid":{"rendered":"http:\/\/formacionlider.es\/?page_id=3"},"modified":"2025-06-04T08:46:46","modified_gmt":"2025-06-04T06:46:46","slug":"politica-de-privacidad","status":"publish","type":"page","link":"https:\/\/formacionlider.es\/en\/politica-de-privacidad","title":{"rendered":"Privacy Policy"},"content":{"rendered":"<p>Responsable de tus datos: Identidad:\u00a0Formaci\u00f3n y Empleo L\u00edder, S.L.<\/p>\n\n\n\n<p>CIF:\u00a0B02547180\u00a0<\/p>\n\n\n\n<p>Direcci\u00f3n postal:\u00a0C\/ Albarderos, N\u00ba12. CP: 02004. Albacete. Tel\u00e9fono:\u00a0967614064\u00a0\u00a0<\/p>\n\n\n\n<p>Correo electr\u00f3nico:\u00a0hosteleria@formacionlider.es<\/p>\n\n\n\n<p>Contacto DPD\/RESPONSABLE DE SEGURIDAD:\u00a0hosteleria@formacionlider.es<\/p>\n\n\n\n<p>La Direcci\u00f3n \/ \u00d3rgano de Gobierno de\u00a0Formaci\u00f3n y Empleo L\u00edder, S.L.\u00a0(en adelante, el responsable del tratamiento), asume la m\u00e1xima responsabilidad y compromiso con el establecimiento, implementaci\u00f3n y mantenimiento de la presente Pol\u00edtica de Protecci\u00f3n de Datos, garantizando la mejora continua del responsable del tratamiento con el objetivo de alcanzar la excelencia en relaci\u00f3n con el cumplimiento del Reglamento (UE) 2016\/679 del Parlamento Europeo y del Consejo, de 27 de abril de 2016, relativo a la protecci\u00f3n de las personas f\u00edsicas en lo que respecta al tratamiento de datos personales y a la libre circulaci\u00f3n de estos datos y por el que se deroga la Directiva\u00a095\/46\/CE (Reglamento general de protecci\u00f3n de datos) (DOUE L 119\/1, 04-05-2016), y de la normativa espa\u00f1ola de protecci\u00f3n de datos de car\u00e1cter personal (Ley Org\u00e1nica, legislaci\u00f3n sectorial espec\u00edfica y sus normas de desarrollo).<\/p>\n\n\n\n<p>La Pol\u00edtica de Protecci\u00f3n de Datos de\u00a0Formaci\u00f3n y Empleo L\u00edder, S.L.\u00a0descansa en el principio de responsabilidad proactiva, seg\u00fan el cual el responsable del tratamiento es responsable del cumplimiento del marco normativo y jurisprudencial que gobierna dicha Pol\u00edtica, y es capaz de demostrarlo ante las autoridades de control competentes.<\/p>\n\n\n\n<p>En tal sentido, el responsable del tratamiento se regir\u00e1 por los siguientes principios que deben servir a todo su personal como gu\u00eda y marco de referencia en el tratamiento de datos personales:<\/p>\n\n\n\n<p><strong>1. Protecci\u00f3n de datos desde el dise\u00f1o<\/strong>: el responsable del tratamiento aplicar\u00e1, tanto en el momento de determinar los medios de tratamiento como en el momento del propio tratamiento, medidas t\u00e9cnicas y organizativas apropiadas, como la seudonimizaci\u00f3n, concebidas para aplicar de forma efectiva los principios de protecci\u00f3n de datos, como la minimizaci\u00f3n de datos, e integrar las garant\u00edas necesarias en el tratamiento.<\/p>\n\n\n\n<p><strong>2. Protecci\u00f3n de datos por defecto<\/strong>: el responsable del tratamiento aplicar\u00e1 las medidas t\u00e9cnicas y organizativas apropiadas con miras a garantizar que, por defecto, solo sean objeto de tratamiento los datos personales que sean necesarios para cada uno de los fines espec\u00edficos del tratamiento.<\/p>\n\n\n\n<p><strong>3. Protecci\u00f3n de datos en el ciclo de vida de la informaci\u00f3n<\/strong>: las medidas que garanticen la protecci\u00f3n de los datos personales ser\u00e1n aplicables durante el ciclo completo de la vida de la informaci\u00f3n.<\/p>\n\n\n\n<p><strong>4. Licitud, lealtad y transparencia<\/strong>: los datos personales ser\u00e1n tratados de manera l\u00edcita, leal y transparente en relaci\u00f3n con el interesado.<\/p>\n\n\n\n<p><strong>5. Limitaci\u00f3n de la finalidad<\/strong>: los datos personales ser\u00e1n recogidos con fines determinados, expl\u00edcitos y leg\u00edtimos, y no ser\u00e1n tratados ulteriormente de manera incompatible con dichos fines.<\/p>\n\n\n\n<p><strong>6. Minimizaci\u00f3n de datos<\/strong>: los datos personales ser\u00e1n adecuados, pertinentes y limitados a lo necesario en relaci\u00f3n con los fines para los que son tratados.&nbsp;<\/p>\n\n\n\n<p><strong>7. Exactitud<\/strong>: los datos personales ser\u00e1n exactos y, si fuera necesario, actualizados; se adoptar\u00e1n todas las medidas razonables para que se supriman o rectifiquen sin dilaci\u00f3n los datos personales que sean inexactos con respecto a los fines para los que se tratan.<\/p>\n\n\n\n<p><strong>8. Limitaci\u00f3n del plazo de conservaci\u00f3n<\/strong>: los datos personales ser\u00e1n mantenidos de forma que se permita la identificaci\u00f3n de los interesados durante no m\u00e1s tiempo del necesario para los fines del tratamiento de los datos personales.<\/p>\n\n\n\n<p><strong>9. Integridad y confidencialidad<\/strong>: los datos personales ser\u00e1n tratados de tal manera que se garantice una seguridad adecuada de los datos personales, incluida la protecci\u00f3n contra el tratamiento no autorizado o il\u00edcito y contra su p\u00e9rdida, destrucci\u00f3n o da\u00f1o accidental, mediante la aplicaci\u00f3n de medidas t\u00e9cnicas u organizativas apropiadas.<\/p>\n\n\n\n<p><strong>10. Informaci\u00f3n y formaci\u00f3n<\/strong>: una de las claves para garantizar la protecci\u00f3n de los datos personales es la formaci\u00f3n e informaci\u00f3n que se facilite al personal involucrado en el tratamiento de los mismos. Durante el ciclo de vida de la informaci\u00f3n, todo el personal con acceso a los datos ser\u00e1 convenientemente formado e informado acerca de sus obligaciones en relaci\u00f3n con el cumplimiento de la normativa de protecci\u00f3n de datos.<\/p>\n\n\n\n<p><strong>11. Ejercicio de derechos:\u00a0<\/strong>Usted tiene derecho a ejercitar, en cualquier momento, sus derechos de acceso, rectificaci\u00f3n, supresi\u00f3n, oposici\u00f3n, olvido y a la portabilidad de los datos, dirigi\u00e9ndose por escrito a: Formaci\u00f3n y Empleo L\u00edder, S.L. con direcci\u00f3n en C\/ Albarderos, N\u00ba12. CP: 02004. Albacete o hosteleria@formacionlider.es, adjuntando fotocopia de su Documento de Identidad. Adem\u00e1s, podr\u00e1 ejercitar el derecho ante la Autoridad de Control dirigi\u00e9ndose a AGENCIA ESPA\u00d1OLA DE PROTECCI\u00d3N DE DATOS. CALLE JORGE JUAN, N16. CP: 28001- MADRID.<\/p>\n\n\n\n<p>La Pol\u00edtica de Protecci\u00f3n de Datos de\u00a0Formaci\u00f3n y Empleo L\u00edder, S.L.\u00a0es comunicada a todo el personal del responsable del tratamiento y puesta a disposici\u00f3n de todas las partes interesadas.<\/p>\n\n\n\n<p>En su consecuencia, la presente Pol\u00edtica de Protecci\u00f3n de Datos involucra a todo el personal del responsable del tratamiento, que debe conocerla y asumirla, consider\u00e1ndola como propia, siendo cada miembro responsable de aplicarla y de verificar las normas de protecci\u00f3n de datos aplicables a su actividad, as\u00ed como identificar y aportar las oportunidades de mejora que considere oportunas con el objetivo de alcanzar la excelencia en relaci\u00f3n con su cumplimiento.<\/p>\n\n\n\n<p>Esta Pol\u00edtica ser\u00e1 revisada por la Direcci\u00f3n \/ \u00d3rgano de Gobierno de\u00a0Formaci\u00f3n y Empleo L\u00edder, S.L., tantas veces como se considere necesario, para adecuarse, en todo momento, a las disposiciones vigentes en materia de protecci\u00f3n de datos de car\u00e1cter personal.<\/p>\n\n\n\n<p><strong>\u00bfQu\u00e9 datos personales necesitamos?<\/strong><\/p>\n\n\n\n<p>Desde que contacta con Formaci\u00f3n y Empleo L\u00edder, S.L., ya sea porque solicita informaci\u00f3n sobre nuestros productos o servicios o porque sedea ser nuestro cliente, necesitamos tratar sus datos personales. Con car\u00e1cter general, necesitaremos tratar sus datos de identificaci\u00f3n, contacto, localizaci\u00f3n, y otros datos necesarios para llevar a cabo los fines que le describimos en esta cl\u00e1usula.<\/p>\n\n\n\n<p>Los datos que le solicitamos son obligatorios por lo que la negativa a facilitarlos o cederlos, en el caso de que resulte preciso, har\u00eda que nos resultara imposible prestarle los servicios que hubiera solicitado o contratado. As\u00ed mismo, sus datos personales deben ser veraces, completos, exactos y actualizados por lo que cualquier modificaci\u00f3n en los mismos debe comunicarla sin dilaci\u00f3n. Le informamos que Formaci\u00f3n y Empleo L\u00edder, S.L. utilizar\u00e1 sus n\u00fameros de tel\u00e9fono m\u00f3vil, correo electr\u00f3nico y direcci\u00f3n para informarle sobre cualquier aspecto relacionado con el servicio contratado.<\/p>\n\n\n\n<p><strong>\u00bfC\u00f3mo obtenemos sus datos personales?<\/strong><\/p>\n\n\n\n<p>Los habr\u00e1 proporcionado directamente o habremos accedido a los mismos a ra\u00edz de sus consultas, solicitudes o contrataciones de los productos y servicios de Formaci\u00f3n y Empleo L\u00edder, S.L.<\/p>\n\n\n\n<p><strong>\u00bfQui\u00e9n es el responsable sus datos personales?<\/strong><\/p>\n\n\n\n<p>Formaci\u00f3n y Empleo L\u00edder, S.L.\u00a0con CIF: B02547180 y direcci\u00f3n postal: C\/ Albarderos, N\u00ba12. CP: 02004. Albacete. Tel\u00e9fono: 967614064 Correo electr\u00f3nico: <a href=\"mailto:hosteleria@formacionlider.es\">hosteleria@formacionlider.es<\/a>.<\/p>\n\n\n\n<p><strong>\u00bfPara qu\u00e9 tratamos sus datos personales y en qu\u00e9 nos basamos para hacerlo?<\/strong><\/p>\n\n\n\n<p>Tratamos sus datos de identificaci\u00f3n y contacto con la finalidad de proceder a la facturaci\u00f3n de los servicios\/productos contratados o responder a las cuestiones que nos planteas a trav\u00e9s de nuestros formularios de contacto y de comentarios. Formaci\u00f3n y Empleo L\u00edder, S.L. no necesitar\u00e1 acceder a daros de menores de edad y otros de especial protecci\u00f3n, salvo que sean necesarios por el tipo de productos o servicio que desea contratar con Formaci\u00f3n y Empleo L\u00edder, S.L.. El tratamiento de estos datos es necesario para atender su petici\u00f3n de informaci\u00f3n o, en su caso, para la necesaria gesti\u00f3n de la contrataci\u00f3n solicitada y prestaci\u00f3n de los servicios correspondientes.<\/p>\n\n\n\n<p><strong>\u00bfPor cu\u00e1nto tiempo mantendremos sus datos personales?<\/strong><\/p>\n\n\n\n<p>Conservaremos sus datos mientras se mantenga la finalidad para la que han sido recabados. Cuando ya no sea necesario para tal fin, mantendremos bloqueados aquellos datos que puedan resultar necesarios durante los plazos legalmente establecidos para atender cualquier cuesti\u00f3n relativa a su tratamiento\u00a0quedando a disposici\u00f3n exclusiva de Jueces y Tribunales, el Ministerio Fiscal o las Administraciones P\u00fablicas competentes. Cumplido el citado plazo Formaci\u00f3n y Empleo L\u00edder, S.L. a la supresi\u00f3n de sus datos.<\/p>\n\n\n\n<p><strong>\u00bfEn qu\u00e9 nos basamos para tratar sus datos?<\/strong><\/p>\n\n\n\n<p>Nos basamos en lo dispuesto en el art\u00edculo 6 del RGPD.<\/p>\n\n\n\n<p><strong>\u00bfCon qui\u00e9n compartimos sus datos personales?<\/strong><\/p>\n\n\n\n<p>Sus datos ser\u00e1n cedidos o comunicados a terceras empresas o proveedores de servicios en todos aquellos casos en que sea necesario para el desarrollo, cumplimiento y control para la prestaci\u00f3n servicio solicitado o en los casos en que exista una obligaci\u00f3n legal. En este sentido, sus datos podr\u00e1n ser cedidos, sin car\u00e1cter limitativo o excluyente, a los \u00f3rganos de la Administraci\u00f3n P\u00fablica cuya cesi\u00f3n sea necesaria para la prestaci\u00f3n de servicios derivada de la relaci\u00f3n mercantil.<\/p>\n\n\n\n<p><strong>\u00bfSe realizar\u00e1n transferencias internacionales de datos?<\/strong><\/p>\n\n\n\n<p>No se realizar\u00e1n transferencias internacionales.<\/p>\n\n\n\n<p><strong>\u00bfQu\u00e9 medidas de seguridad empleamos?<\/strong><\/p>\n\n\n\n<p>Los datos personales comunicados por el usuario a el sitio web pueden ser almacenados en bases de datos automatizadas o no, cuya titularidad corresponde en exclusiva a el sitio web, asumiendo \u00e9sta todas las medidas de \u00edndole t\u00e9cnica, organizativa y de seguridad que garantizan la confidencialidad, integridad y calidad de la informaci\u00f3n contenida en las mismas de acuerdo con lo establecido en la normativa vigente en protecci\u00f3n de datos.<\/p>\n\n\n\n<p>La comunicaci\u00f3n entre los usuarios y el sitio web utiliza un canal seguro, y los datos transmitidos son cifrados gracias a protocolos a HTTPS. Por tanto, garantizamos las mejores condiciones de seguridad para que la confidencialidad de los usuarios est\u00e9 garantizada.<\/p>\n\n\n\n<p><strong>\u00bfQu\u00e9 derechos tiene al facilitar sus datos y c\u00f3mo ejercerlos?<\/strong><\/p>\n\n\n\n<p>Junto al derecho a ser informado de la forma en la que lo estamos haciendo en esta cl\u00e1usula, tiene los siguientes derechos:<\/p>\n\n\n\n<p>\u2022&nbsp;&nbsp;&nbsp;&nbsp;&nbsp;&nbsp;&nbsp;&nbsp;&nbsp;&nbsp;Derecho de acceso para conocer qu\u00e9 datos tuyos est\u00e1n siendo tratados, con qu\u00e9 finalidades, el origen de los mismos y si los comunicamos o hemos comunicado a terceros;<\/p>\n\n\n\n<p>\u2022&nbsp;&nbsp;&nbsp;&nbsp;&nbsp;&nbsp;&nbsp;&nbsp;&nbsp;&nbsp;Derecho de modificaci\u00f3n de tus datos cuando los mismos est\u00e9n incompletos o sean inexactos;<\/p>\n\n\n\n<p>\u2022&nbsp;&nbsp;&nbsp;&nbsp;&nbsp;&nbsp;&nbsp;&nbsp;&nbsp;&nbsp;Derecho de supresi\u00f3n de tus datos si ha desaparecido el fin para el que los facilitaste, el tratamiento no es l\u00edcito, o revoca su consentimiento y dem\u00e1s supuestos previstos en la ley;<\/p>\n\n\n\n<p>\u2022&nbsp;&nbsp;&nbsp;&nbsp;&nbsp;&nbsp;&nbsp;&nbsp;&nbsp;&nbsp;Derecho de oposici\u00f3n para evitar que tratemos tus datos con determinadas finalidades, o solicitar que dejemos de hacerlo, aunque s\u00f3lo es posible en los casos que establece la ley;<\/p>\n\n\n\n<p>\u2022\u00a0\u00a0\u00a0\u00a0\u00a0\u00a0\u00a0\u00a0\u00a0\u00a0Derecho a solicitar la limitaci\u00f3n del tratamiento mientras se comprueba la impugnaci\u00f3n de la exactitud\u00a0\u00a0\u00a0de los mismos, o entiende que el tratamiento es il\u00edcito y se opone a la supresi\u00f3n de los datos, o\u00a0Formaci\u00f3n y Empleo L\u00edder, S.L.\u00a0ya no necesita los datos pero los necesitas para la formulaci\u00f3n, ejercicio o defensa de reclamaciones, o se ha opuesto al tratamiento de los mismos para la satisfacci\u00f3n de un inter\u00e9s leg\u00edtimo mientras se verifica la existencia del citado inter\u00e9s y su prevalencia sobre los tuyos;<\/p>\n\n\n\n<p>\u2022&nbsp;&nbsp;&nbsp;&nbsp;&nbsp;&nbsp;&nbsp;&nbsp;&nbsp;&nbsp;Derecho a la portabilidad para recibir tus datos en un formato electr\u00f3nico estructurado y de uso habitual y poder transmitirlos a otro responsable;<\/p>\n\n\n\n<p>\u2022&nbsp;&nbsp;&nbsp;&nbsp;&nbsp;&nbsp;&nbsp;&nbsp;&nbsp;&nbsp;Derecho a no ser objeto de decisiones individuales automatizadas con el fin de que no tomemos una decisi\u00f3n sobre usted basada solo en el tratamiento de tus datos que produzca efectos jur\u00eddicos en tu esfera personal o te afecte de forma similar.<\/p>\n\n\n\n<p>Para el ejercicio de cualquiera de estos derechos puede\u00a0dirigirse por escrito a:\u00a0Formaci\u00f3n y Empleo L\u00edder, S.L.\u00a0con direcci\u00f3n en\u00a0C\/ Albarderos, N\u00ba12. CP: 02004. Albacete\u00a0o\u00a0hosteleria@formacionlider.es, adjuntando fotocopia de su Documento de Identidad. Adem\u00e1s, podr\u00e1 ejercitar el derecho ante la Autoridad de Control dirigi\u00e9ndose a AGENCIA ESPA\u00d1OLA DE PROTECCI\u00d3N DE DATOS. CALLE JORGE JUAN, N\u00ba16. CP: 28001- MADRID.\u00a0<\/p>\n\n\n\n<p><\/p>","protected":false},"excerpt":{"rendered":"<p>Responsable de tus datos: Identidad:\u00a0Formaci\u00f3n y Empleo L\u00edder, S.L. CIF:\u00a0B02547180\u00a0 Direcci\u00f3n postal:\u00a0C\/ Albarderos, N\u00ba12. CP: 02004. Albacete. Tel\u00e9fono:\u00a0967614064\u00a0\u00a0 Correo electr\u00f3nico:\u00a0hosteleria@formacionlider.es Contacto DPD\/RESPONSABLE DE SEGURIDAD:\u00a0hosteleria@formacionlider.es La Direcci\u00f3n \/ \u00d3rgano de Gobierno de\u00a0Formaci\u00f3n y Empleo L\u00edder, S.L.\u00a0(en adelante, el responsable del tratamiento), asume la m\u00e1xima responsabilidad y compromiso con el establecimiento, implementaci\u00f3n y mantenimiento de la presente [&hellip;]<\/p>\n","protected":false},"author":1,"featured_media":0,"parent":0,"menu_order":0,"comment_status":"closed","ping_status":"closed","template":"","meta":{"inline_featured_image":false,"_joinchat":[],"footnotes":""},"class_list":["post-3","page","type-page","status-publish","hentry"],"yoast_head":"<!-- This site is optimized with the Yoast SEO plugin v26.9 - https:\/\/yoast.com\/product\/yoast-seo-wordpress\/ -->\n<title>Pol\u00edtica de privacidad | Formaci\u00f3n y Empleo L\u00edder<\/title>\n<meta name=\"description\" content=\"Formaci\u00f3n profesional y para empresas en Albacete. Cursos de Hosteler\u00eda con Bolsa de Empleo, Cursos Bonificados, FP Dual y Agencia de Colocaci\u00f3n.\" \/>\n<meta name=\"robots\" content=\"index, follow, max-snippet:-1, max-image-preview:large, max-video-preview:-1\" \/>\n<link rel=\"canonical\" href=\"https:\/\/formacionlider.es\/en\/politica-de-privacidad\/\" \/>\n<meta property=\"og:locale\" content=\"en_US\" \/>\n<meta property=\"og:type\" content=\"article\" \/>\n<meta property=\"og:title\" content=\"Pol\u00edtica de privacidad | Formaci\u00f3n y Empleo L\u00edder\" \/>\n<meta property=\"og:description\" content=\"Formaci\u00f3n profesional y para empresas en Albacete. Cursos de Hosteler\u00eda con Bolsa de Empleo, Cursos Bonificados, FP Dual y Agencia de Colocaci\u00f3n.\" \/>\n<meta property=\"og:url\" content=\"https:\/\/formacionlider.es\/en\/politica-de-privacidad\/\" \/>\n<meta property=\"og:site_name\" content=\"Formaci\u00f3n y Empleo L\u00edder\" \/>\n<meta property=\"article:publisher\" content=\"https:\/\/www.facebook.com\/formacionyempleolider\/\" \/>\n<meta property=\"article:modified_time\" content=\"2025-06-04T06:46:46+00:00\" \/>\n<meta property=\"og:image\" content=\"https:\/\/formacionlider.es\/wp-content\/uploads\/2025\/05\/LIDERT.png\" \/>\n\t<meta property=\"og:image:width\" content=\"355\" \/>\n\t<meta property=\"og:image:height\" content=\"331\" \/>\n\t<meta property=\"og:image:type\" content=\"image\/png\" \/>\n<meta name=\"twitter:card\" content=\"summary_large_image\" \/>\n<meta name=\"twitter:label1\" content=\"Est. reading time\" \/>\n\t<meta name=\"twitter:data1\" content=\"9 minutes\" \/>\n<script type=\"application\/ld+json\" class=\"yoast-schema-graph\">{\"@context\":\"https:\/\/schema.org\",\"@graph\":[{\"@type\":\"WebPage\",\"@id\":\"https:\/\/formacionlider.es\/politica-de-privacidad\",\"url\":\"https:\/\/formacionlider.es\/politica-de-privacidad\",\"name\":\"Pol\u00edtica de privacidad | Formaci\u00f3n y Empleo L\u00edder\",\"isPartOf\":{\"@id\":\"https:\/\/formacionlider.es\/#website\"},\"datePublished\":\"2024-12-02T10:02:05+00:00\",\"dateModified\":\"2025-06-04T06:46:46+00:00\",\"description\":\"Formaci\u00f3n profesional y para empresas en Albacete. Cursos de Hosteler\u00eda con Bolsa de Empleo, Cursos Bonificados, FP Dual y Agencia de Colocaci\u00f3n.\",\"breadcrumb\":{\"@id\":\"https:\/\/formacionlider.es\/politica-de-privacidad#breadcrumb\"},\"inLanguage\":\"en-US\",\"potentialAction\":[{\"@type\":\"ReadAction\",\"target\":[\"https:\/\/formacionlider.es\/politica-de-privacidad\"]}]},{\"@type\":\"BreadcrumbList\",\"@id\":\"https:\/\/formacionlider.es\/politica-de-privacidad#breadcrumb\",\"itemListElement\":[{\"@type\":\"ListItem\",\"position\":1,\"name\":\"Portada\",\"item\":\"https:\/\/formacionlider.es\/\"},{\"@type\":\"ListItem\",\"position\":2,\"name\":\"Pol\u00edtica de privacidad\"}]},{\"@type\":\"WebSite\",\"@id\":\"https:\/\/formacionlider.es\/#website\",\"url\":\"https:\/\/formacionlider.es\/\",\"name\":\"Formaci\u00f3n y Empleo L\u00edder\",\"description\":\"Cursos de formaci\u00f3n en Albacete | Formaci\u00f3n bonificada, FP Dual y Bolsa de Empleo\",\"publisher\":{\"@id\":\"https:\/\/formacionlider.es\/#organization\"},\"alternateName\":\"Formaci\u00f3n L\u00edder\",\"potentialAction\":[{\"@type\":\"SearchAction\",\"target\":{\"@type\":\"EntryPoint\",\"urlTemplate\":\"https:\/\/formacionlider.es\/?s={search_term_string}\"},\"query-input\":{\"@type\":\"PropertyValueSpecification\",\"valueRequired\":true,\"valueName\":\"search_term_string\"}}],\"inLanguage\":\"en-US\"},{\"@type\":\"Organization\",\"@id\":\"https:\/\/formacionlider.es\/#organization\",\"name\":\"Formaci\u00f3n y Empleo L\u00edder, S.L.\",\"alternateName\":\"Formaci\u00f3n y Empleo L\u00edder\",\"url\":\"https:\/\/formacionlider.es\/\",\"logo\":{\"@type\":\"ImageObject\",\"inLanguage\":\"en-US\",\"@id\":\"https:\/\/formacionlider.es\/#\/schema\/logo\/image\/\",\"url\":\"https:\/\/formacionlider.es\/wp-content\/uploads\/2025\/05\/cropped-LIDERT.png\",\"contentUrl\":\"https:\/\/formacionlider.es\/wp-content\/uploads\/2025\/05\/cropped-LIDERT.png\",\"width\":355,\"height\":331,\"caption\":\"Formaci\u00f3n y Empleo L\u00edder, S.L.\"},\"image\":{\"@id\":\"https:\/\/formacionlider.es\/#\/schema\/logo\/image\/\"},\"sameAs\":[\"https:\/\/www.facebook.com\/formacionyempleolider\/\"]}]}<\/script>\n<!-- \/ Yoast SEO plugin. -->","yoast_head_json":{"title":"Pol\u00edtica de privacidad | Formaci\u00f3n y Empleo L\u00edder","description":"Formaci\u00f3n profesional y para empresas en Albacete. Cursos de Hosteler\u00eda con Bolsa de Empleo, Cursos Bonificados, FP Dual y Agencia de Colocaci\u00f3n.","robots":{"index":"index","follow":"follow","max-snippet":"max-snippet:-1","max-image-preview":"max-image-preview:large","max-video-preview":"max-video-preview:-1"},"canonical":"https:\/\/formacionlider.es\/en\/politica-de-privacidad\/","og_locale":"en_US","og_type":"article","og_title":"Pol\u00edtica de privacidad | Formaci\u00f3n y Empleo L\u00edder","og_description":"Formaci\u00f3n profesional y para empresas en Albacete. Cursos de Hosteler\u00eda con Bolsa de Empleo, Cursos Bonificados, FP Dual y Agencia de Colocaci\u00f3n.","og_url":"https:\/\/formacionlider.es\/en\/politica-de-privacidad\/","og_site_name":"Formaci\u00f3n y Empleo L\u00edder","article_publisher":"https:\/\/www.facebook.com\/formacionyempleolider\/","article_modified_time":"2025-06-04T06:46:46+00:00","og_image":[{"width":355,"height":331,"url":"https:\/\/formacionlider.es\/wp-content\/uploads\/2025\/05\/LIDERT.png","type":"image\/png"}],"twitter_card":"summary_large_image","twitter_misc":{"Est. reading time":"9 minutes"},"schema":{"@context":"https:\/\/schema.org","@graph":[{"@type":"WebPage","@id":"https:\/\/formacionlider.es\/politica-de-privacidad","url":"https:\/\/formacionlider.es\/politica-de-privacidad","name":"Pol\u00edtica de privacidad | Formaci\u00f3n y Empleo L\u00edder","isPartOf":{"@id":"https:\/\/formacionlider.es\/#website"},"datePublished":"2024-12-02T10:02:05+00:00","dateModified":"2025-06-04T06:46:46+00:00","description":"Formaci\u00f3n profesional y para empresas en Albacete. Cursos de Hosteler\u00eda con Bolsa de Empleo, Cursos Bonificados, FP Dual y Agencia de Colocaci\u00f3n.","breadcrumb":{"@id":"https:\/\/formacionlider.es\/politica-de-privacidad#breadcrumb"},"inLanguage":"en-US","potentialAction":[{"@type":"ReadAction","target":["https:\/\/formacionlider.es\/politica-de-privacidad"]}]},{"@type":"BreadcrumbList","@id":"https:\/\/formacionlider.es\/politica-de-privacidad#breadcrumb","itemListElement":[{"@type":"ListItem","position":1,"name":"Portada","item":"https:\/\/formacionlider.es\/"},{"@type":"ListItem","position":2,"name":"Pol\u00edtica de privacidad"}]},{"@type":"WebSite","@id":"https:\/\/formacionlider.es\/#website","url":"https:\/\/formacionlider.es\/","name":"Formaci\u00f3n y Empleo L\u00edder","description":"Cursos de formaci\u00f3n en Albacete | Formaci\u00f3n bonificada, FP Dual y Bolsa de Empleo","publisher":{"@id":"https:\/\/formacionlider.es\/#organization"},"alternateName":"Formaci\u00f3n L\u00edder","potentialAction":[{"@type":"SearchAction","target":{"@type":"EntryPoint","urlTemplate":"https:\/\/formacionlider.es\/?s={search_term_string}"},"query-input":{"@type":"PropertyValueSpecification","valueRequired":true,"valueName":"search_term_string"}}],"inLanguage":"en-US"},{"@type":"Organization","@id":"https:\/\/formacionlider.es\/#organization","name":"Formaci\u00f3n y Empleo L\u00edder, S.L.","alternateName":"Formaci\u00f3n y Empleo L\u00edder","url":"https:\/\/formacionlider.es\/","logo":{"@type":"ImageObject","inLanguage":"en-US","@id":"https:\/\/formacionlider.es\/#\/schema\/logo\/image\/","url":"https:\/\/formacionlider.es\/wp-content\/uploads\/2025\/05\/cropped-LIDERT.png","contentUrl":"https:\/\/formacionlider.es\/wp-content\/uploads\/2025\/05\/cropped-LIDERT.png","width":355,"height":331,"caption":"Formaci\u00f3n y Empleo L\u00edder, S.L."},"image":{"@id":"https:\/\/formacionlider.es\/#\/schema\/logo\/image\/"},"sameAs":["https:\/\/www.facebook.com\/formacionyempleolider\/"]}]}},"_links":{"self":[{"href":"https:\/\/formacionlider.es\/en\/wp-json\/wp\/v2\/pages\/3","targetHints":{"allow":["GET"]}}],"collection":[{"href":"https:\/\/formacionlider.es\/en\/wp-json\/wp\/v2\/pages"}],"about":[{"href":"https:\/\/formacionlider.es\/en\/wp-json\/wp\/v2\/types\/page"}],"author":[{"embeddable":true,"href":"https:\/\/formacionlider.es\/en\/wp-json\/wp\/v2\/users\/1"}],"replies":[{"embeddable":true,"href":"https:\/\/formacionlider.es\/en\/wp-json\/wp\/v2\/comments?post=3"}],"version-history":[{"count":2,"href":"https:\/\/formacionlider.es\/en\/wp-json\/wp\/v2\/pages\/3\/revisions"}],"predecessor-version":[{"id":15019,"href":"https:\/\/formacionlider.es\/en\/wp-json\/wp\/v2\/pages\/3\/revisions\/15019"}],"wp:attachment":[{"href":"https:\/\/formacionlider.es\/en\/wp-json\/wp\/v2\/media?parent=3"}],"curies":[{"name":"wp","href":"https:\/\/api.w.org\/{rel}","templated":true}]}}