{"id":15042,"date":"2025-06-04T10:41:55","date_gmt":"2025-06-04T08:41:55","guid":{"rendered":"https:\/\/formacionlider.es\/?page_id=15042"},"modified":"2025-06-10T10:21:19","modified_gmt":"2025-06-10T08:21:19","slug":"oposiciones","status":"publish","type":"page","link":"https:\/\/formacionlider.es\/en\/oposiciones","title":{"rendered":"Educational Technical Assistant Public Service Exams"},"content":{"rendered":"<div data-elementor-type=\"wp-page\" data-elementor-id=\"15042\" class=\"elementor elementor-15042\" data-elementor-post-type=\"page\">\n\t\t\t\t<div data-dce-background-color=\"#000000\" data-dce-background-image-url=\"https:\/\/formacionlider.es\/wp-content\/uploads\/2025\/06\/educacion-contacto-scaled.webp\" class=\"elementor-element elementor-element-616c238 e-flex e-con-boxed e-con e-parent\" data-id=\"616c238\" data-element_type=\"container\" data-e-type=\"container\" data-settings=\"{&quot;background_background&quot;:&quot;classic&quot;}\">\n\t\t\t\t\t<div class=\"e-con-inner\">\n\t\t\t\t<div class=\"elementor-element elementor-element-4c81df0 elementor-widget elementor-widget-heading\" data-id=\"4c81df0\" data-element_type=\"widget\" data-e-type=\"widget\" data-widget_type=\"heading.default\">\n\t\t\t\t<div class=\"elementor-widget-container\">\n\t\t\t\t\t<h1 class=\"elementor-heading-title elementor-size-default\">Educational Technical Assistant Public Service Exams<\/h1>\t\t\t\t<\/div>\n\t\t\t\t<\/div>\n\t\t\t\t<div class=\"elementor-element elementor-element-b0baf62 elementor-widget elementor-widget-text-editor\" data-id=\"b0baf62\" data-element_type=\"widget\" data-e-type=\"widget\" data-widget_type=\"text-editor.default\">\n\t\t\t\t<div class=\"elementor-widget-container\">\n\t\t\t\t\t\t\t\t\t<p>Updated Information on Public Service Exams<\/p>\t\t\t\t\t\t\t\t<\/div>\n\t\t\t\t<\/div>\n\t\t\t\t\t<\/div>\n\t\t\t\t<\/div>\n\t\t<div class=\"elementor-element elementor-element-ff52d18 e-con-full e-flex e-con e-parent\" data-id=\"ff52d18\" data-element_type=\"container\" data-e-type=\"container\">\n\t\t<div class=\"elementor-element elementor-element-f7ca5d0 e-flex e-con-boxed e-con e-child\" data-id=\"f7ca5d0\" data-element_type=\"container\" data-e-type=\"container\">\n\t\t\t\t\t<div class=\"e-con-inner\">\n\t\t<div class=\"elementor-element elementor-element-8d49664 e-con-full e-flex e-con e-child\" data-id=\"8d49664\" data-element_type=\"container\" data-e-type=\"container\">\n\t\t\t\t<div class=\"elementor-element elementor-element-d001b05 elementor-widget elementor-widget-heading\" data-id=\"d001b05\" data-element_type=\"widget\" data-e-type=\"widget\" data-widget_type=\"heading.default\">\n\t\t\t\t<div class=\"elementor-widget-container\">\n\t\t\t\t\t<h1 class=\"elementor-heading-title elementor-size-default\">ETA Exam Information 2025<\/h1>\t\t\t\t<\/div>\n\t\t\t\t<\/div>\n\t\t\t\t<div class=\"elementor-element elementor-element-b253c85 elementor-widget elementor-widget-text-editor\" data-id=\"b253c85\" data-element_type=\"widget\" data-e-type=\"widget\" data-widget_type=\"text-editor.default\">\n\t\t\t\t<div class=\"elementor-widget-container\">\n\t\t\t\t\t\t\t\t\t<p>To consult the list of those admitted, in each case, access to:<\/p><ul><li><a href=\"https:\/\/empleopublico.castillalamancha.es\/procesos-selectivos\/abiertos\/turno-libre\/2023-2024-grupo-iii-auxiliar-tecnico-educativo-turno-libre\">Free shift<\/a><\/li><li><a href=\"https:\/\/empleopublico.castillalamancha.es\/procesos-selectivos\/abiertos\/turno-discapacidad\/2023-2024-grupo-iii-auxiliar-tecnico-educativo-turno\">Disabled persons shift<\/a><\/li><li><a href=\"https:\/\/empleopublico.castillalamancha.es\/procesos-selectivos\/abiertos\/promocion-interna\/2023-2024-grupo-iii-auxiliar-tecnico-educativo\">Internal promotion<\/a><\/li><\/ul>\t\t\t\t\t\t\t\t<\/div>\n\t\t\t\t<\/div>\n\t\t\t\t<\/div>\n\t\t<div class=\"elementor-element elementor-element-fe81943 e-con-full e-flex e-con e-child\" data-id=\"fe81943\" data-element_type=\"container\" data-e-type=\"container\">\n\t\t\t\t<div class=\"elementor-element elementor-element-955aa7b elementor-widget elementor-widget-text-editor\" data-id=\"955aa7b\" data-element_type=\"widget\" data-e-type=\"widget\" data-widget_type=\"text-editor.default\">\n\t\t\t\t<div class=\"elementor-widget-container\">\n\t\t\t\t\t\t\t\t\t<p>We offer preparation courses for competitive examinations:<\/p>\t\t\t\t\t\t\t\t<\/div>\n\t\t\t\t<\/div>\n\t\t\t\t<div class=\"elementor-element elementor-element-809155d elementor-align-center elementor-widget elementor-widget-button\" data-id=\"809155d\" data-element_type=\"widget\" data-e-type=\"widget\" data-widget_type=\"button.default\">\n\t\t\t\t<div class=\"elementor-widget-container\">\n\t\t\t\t\t\t\t\t\t<div class=\"elementor-button-wrapper\">\n\t\t\t\t\t<a class=\"elementor-button elementor-button-link elementor-size-sm\" href=\"https:\/\/formacionlider.es\/en\/educacion\/\">\n\t\t\t\t\t\t<span class=\"elementor-button-content-wrapper\">\n\t\t\t\t\t\t\t\t\t<span class=\"elementor-button-text\">See courses<\/span>\n\t\t\t\t\t<\/span>\n\t\t\t\t\t<\/a>\n\t\t\t\t<\/div>\n\t\t\t\t\t\t\t\t<\/div>\n\t\t\t\t<\/div>\n\t\t\t\t<\/div>\n\t\t\t\t\t<\/div>\n\t\t\t\t<\/div>\n\t\t\t\t<\/div>\n\t\t<div class=\"elementor-element elementor-element-38df5a4 e-con-full e-flex e-con e-parent\" data-id=\"38df5a4\" data-element_type=\"container\" data-e-type=\"container\">\n\t\t<div class=\"elementor-element elementor-element-2ef9208 e-flex e-con-boxed e-con e-child\" data-id=\"2ef9208\" data-element_type=\"container\" data-e-type=\"container\">\n\t\t\t\t\t<div class=\"e-con-inner\">\n\t\t<div class=\"elementor-element elementor-element-6acf38b e-con-full e-flex e-con e-child\" data-id=\"6acf38b\" data-element_type=\"container\" data-e-type=\"container\">\n\t\t\t\t<div class=\"elementor-element elementor-element-5fea608 elementor-widget elementor-widget-heading\" data-id=\"5fea608\" data-element_type=\"widget\" data-e-type=\"widget\" data-widget_type=\"heading.default\">\n\t\t\t\t<div class=\"elementor-widget-container\">\n\t\t\t\t\t<h1 class=\"elementor-heading-title elementor-size-default\">Open call: ETA<\/h1>\t\t\t\t<\/div>\n\t\t\t\t<\/div>\n\t\t\t\t<div class=\"elementor-element elementor-element-41ac624 elementor-widget elementor-widget-text-editor\" data-id=\"41ac624\" data-element_type=\"widget\" data-e-type=\"widget\" data-widget_type=\"text-editor.default\">\n\t\t\t\t<div class=\"elementor-widget-container\">\n\t\t\t\t\t\t\t\t\t<p data-start=\"319\" data-end=\"528\" class=\"translation-block\">It is now available the call to fill positions of <strong>Educational Technical Assistant (ETA)<\/strong> in Castilla-La Mancha. The registration period is open from <strong> December 19, 2024 to January 20, 2025 <\/strong>.<\/p><h4 data-start=\"530\" data-end=\"554\">Available shifts:<\/h4><ul data-start=\"555\" data-end=\"958\"><li data-start=\"555\" data-end=\"683\"><p data-start=\"557\" data-end=\"683\"><strong data-start=\"557\" data-end=\"566\">Free<\/strong>: <a class=\"\" href=\"https:\/\/docm.jccm.es\/docm\/verArchivoHtml.do?ruta=2024\/12\/18\/html\/2024_9908.html&amp;tipo=rutaDocm\" target=\"_new\" rel=\"noopener\" data-start=\"568\" data-end=\"681\">See call for applications<\/a><\/p><\/li><li data-start=\"684\" data-end=\"819\"><p data-start=\"686\" data-end=\"819\"><strong data-start=\"686\" data-end=\"702\">Disabled persons<\/strong>: <a class=\"\" href=\"https:\/\/docm.jccm.es\/docm\/verArchivoHtml.do?ruta=2024\/12\/18\/html\/2024_9909.html&amp;tipo=rutaDocm\" target=\"_new\" rel=\"noopener\" data-start=\"704\" data-end=\"817\">See call for applications<\/a><\/p><\/li><li data-start=\"820\" data-end=\"958\"><p data-start=\"822\" data-end=\"958\"><strong data-start=\"822\" data-end=\"843\">Internal promotion<\/strong>: <a class=\"\" href=\"https:\/\/docm.jccm.es\/docm\/verArchivoHtml.do?ruta=2024\/12\/18\/html\/2024_9905.html&amp;tipo=rutaDocm\" target=\"_new\" rel=\"noopener\" data-start=\"845\" data-end=\"958\">See call for applications<\/a><\/p><\/li><\/ul><h4 data-start=\"960\" data-end=\"983\">Key information:<\/h4><ul data-start=\"984\" data-end=\"1695\"><li data-start=\"984\" data-end=\"1113\"><p data-start=\"986\" data-end=\"1113\"><strong data-start=\"986\" data-end=\"1008\">Online registration<\/strong>: <a class=\"\" href=\"https:\/\/empleopublico.castillalamancha.es\/presentacion-de-solicitudes\" target=\"_new\" rel=\"noopener\" data-start=\"1010\" data-end=\"1111\">CLM Public Employment Portal<\/a><\/p><\/li><li data-start=\"1114\" data-end=\"1425\"><p data-start=\"1116\" data-end=\"1149\"><strong data-start=\"1116\" data-end=\"1127\">System<\/strong>: competitive examination<\/p><ul data-start=\"1152\" data-end=\"1425\"><li data-start=\"1152\" data-end=\"1233\"><p data-start=\"1154\" data-end=\"1233\"><em data-start=\"1154\" data-end=\"1173\">Competitive examination phase<\/em>: 80-question test (plus 5 reserve questions) in 120 minutes (75%)<\/p><\/li><li data-start=\"1236\" data-end=\"1425\"><p data-start=\"1238\" data-end=\"1318\"><em data-start=\"1238\" data-end=\"1256\">Competition phase<\/em>: Days worked in administration are valued (25%).<\/p><ul data-start=\"1323\" data-end=\"1425\"><li data-start=\"1323\" data-end=\"1371\"><p data-start=\"1325\" data-end=\"1371\">Same position: 0.0068 points\/day (max. 25)<\/p><\/li><li data-start=\"1376\" data-end=\"1425\"><p data-start=\"1378\" data-end=\"1425\">Other position: 0.0034 points\/day (max. 12.5)<\/p><\/li><\/ul><\/li><\/ul><\/li><li data-start=\"1426\" data-end=\"1495\"><p data-start=\"1428\" data-end=\"1495\"><strong data-start=\"1428\" data-end=\"1451\">Access requirement<\/strong>: High school diploma or vocational training certificate<\/p><\/li><li data-start=\"1496\" data-end=\"1592\"><p data-start=\"1498\" data-end=\"1592\"><strong data-start=\"1498\" data-end=\"1517\">Scheduled exam<\/strong>: Starting in September 2025 (ETA, expected October\/November)<\/p><\/li><li data-start=\"1593\" data-end=\"1695\"><p data-start=\"1595\" data-end=\"1608\"><strong data-start=\"1595\" data-end=\"1605\">Vacancies<\/strong>:<\/p><ul data-start=\"1611\" data-end=\"1695\"><li data-start=\"1611\" data-end=\"1624\"><p data-start=\"1613\" data-end=\"1624\">Free: 88<\/p><\/li><li data-start=\"1627\" data-end=\"1647\"><p data-start=\"1629\" data-end=\"1647\">Disabled persons: 13<\/p><\/li><li data-start=\"1650\" data-end=\"1695\"><p data-start=\"1652\" data-end=\"1695\">Internal promotion: 88 + 6 for disabled persons<\/p><\/li><\/ul><\/li><\/ul>\t\t\t\t\t\t\t\t<\/div>\n\t\t\t\t<\/div>\n\t\t\t\t<\/div>\n\t\t\t\t\t<\/div>\n\t\t\t\t<\/div>\n\t\t\t\t<\/div>\n\t\t<div data-dce-background-color=\"#000000\" data-dce-background-image-url=\"https:\/\/formacionlider.es\/wp-content\/uploads\/2025\/06\/banner-contacto-scaled.webp\" class=\"elementor-element elementor-element-06f589f e-con-full e-flex e-con e-parent\" data-id=\"06f589f\" data-element_type=\"container\" data-e-type=\"container\" data-settings=\"{&quot;background_background&quot;:&quot;classic&quot;}\">\n\t\t\t\t<div class=\"elementor-element elementor-element-44f08b4 elementor-widget elementor-widget-text-editor\" data-id=\"44f08b4\" data-element_type=\"widget\" data-e-type=\"widget\" data-widget_type=\"text-editor.default\">\n\t\t\t\t<div class=\"elementor-widget-container\">\n\t\t\t\t\t\t\t\t\t<p>Do you want to know more? Contact with us<\/p>\t\t\t\t\t\t\t\t<\/div>\n\t\t\t\t<\/div>\n\t\t\t\t<div class=\"elementor-element elementor-element-39131c6 elementor-align-center elementor-widget elementor-widget-button\" data-id=\"39131c6\" data-element_type=\"widget\" data-e-type=\"widget\" data-widget_type=\"button.default\">\n\t\t\t\t<div class=\"elementor-widget-container\">\n\t\t\t\t\t\t\t\t\t<div class=\"elementor-button-wrapper\">\n\t\t\t\t\t<a class=\"elementor-button elementor-button-link elementor-size-sm\" href=\"\/en\/contacto\/\">\n\t\t\t\t\t\t<span class=\"elementor-button-content-wrapper\">\n\t\t\t\t\t\t\t\t\t<span class=\"elementor-button-text\">Request for information<\/span>\n\t\t\t\t\t<\/span>\n\t\t\t\t\t<\/a>\n\t\t\t\t<\/div>\n\t\t\t\t\t\t\t\t<\/div>\n\t\t\t\t<\/div>\n\t\t\t\t<\/div>\n\t\t\t\t<\/div>","protected":false},"excerpt":{"rendered":"<p>Oposiciones Auxiliar Tecnico Educativo Informaci\u00f3n actualizada de las oposiciones Informaci\u00f3n oposiciones ATE 2025 Para consultar el listado de admitidos, en cada caso, acceda a: Turno libre Turno de personas con discapacidad Promoci\u00f3n interna Ofrecemos cursos de preparaci\u00f3n para las oposiciones: Ver cursos Convocatoria abierta: ATE Ya est\u00e1 disponible la convocatoria para cubrir plazas de Auxiliar [&hellip;]<\/p>\n","protected":false},"author":1,"featured_media":0,"parent":0,"menu_order":0,"comment_status":"closed","ping_status":"closed","template":"","meta":{"inline_featured_image":false,"_joinchat":[],"footnotes":""},"class_list":["post-15042","page","type-page","status-publish","hentry"],"yoast_head":"<!-- This site is optimized with the Yoast SEO plugin v26.9 - https:\/\/yoast.com\/product\/yoast-seo-wordpress\/ -->\n<title>Oposiciones Auxiliar Tecnico Educativo | Formaci\u00f3n y Empleo L\u00edder<\/title>\n<meta name=\"description\" content=\"Prep\u00e1rate con \u00e9xito para las oposiciones de Auxiliar T\u00e9cnico Educativo (ATE) en CLM. Turnos libre, discapacidad y promoci\u00f3n interna con material y tutor\u00edas actualizadas.\" \/>\n<meta name=\"robots\" content=\"index, follow, max-snippet:-1, max-image-preview:large, max-video-preview:-1\" \/>\n<link rel=\"canonical\" href=\"https:\/\/formacionlider.es\/en\/oposiciones\/\" \/>\n<meta property=\"og:locale\" content=\"en_US\" \/>\n<meta property=\"og:type\" content=\"article\" \/>\n<meta property=\"og:title\" content=\"Oposiciones Auxiliar Tecnico Educativo | Formaci\u00f3n y Empleo L\u00edder\" \/>\n<meta property=\"og:description\" content=\"Prep\u00e1rate con \u00e9xito para las oposiciones de Auxiliar T\u00e9cnico Educativo (ATE) en CLM. Turnos libre, discapacidad y promoci\u00f3n interna con material y tutor\u00edas actualizadas.\" \/>\n<meta property=\"og:url\" content=\"https:\/\/formacionlider.es\/en\/oposiciones\/\" \/>\n<meta property=\"og:site_name\" content=\"Formaci\u00f3n y Empleo L\u00edder\" \/>\n<meta property=\"article:publisher\" content=\"https:\/\/www.facebook.com\/formacionyempleolider\/\" \/>\n<meta property=\"article:modified_time\" content=\"2025-06-10T08:21:19+00:00\" \/>\n<meta property=\"og:image\" content=\"https:\/\/formacionlider.es\/wp-content\/uploads\/2025\/05\/LIDERT.png\" \/>\n\t<meta property=\"og:image:width\" content=\"355\" \/>\n\t<meta property=\"og:image:height\" content=\"331\" \/>\n\t<meta property=\"og:image:type\" content=\"image\/png\" \/>\n<meta name=\"twitter:card\" content=\"summary_large_image\" \/>\n<meta name=\"twitter:label1\" content=\"Est. reading time\" \/>\n\t<meta name=\"twitter:data1\" content=\"1 minute\" \/>\n<script type=\"application\/ld+json\" class=\"yoast-schema-graph\">{\"@context\":\"https:\/\/schema.org\",\"@graph\":[{\"@type\":\"WebPage\",\"@id\":\"https:\/\/formacionlider.es\/oposiciones\",\"url\":\"https:\/\/formacionlider.es\/oposiciones\",\"name\":\"Oposiciones Auxiliar Tecnico Educativo | Formaci\u00f3n y Empleo L\u00edder\",\"isPartOf\":{\"@id\":\"https:\/\/formacionlider.es\/#website\"},\"datePublished\":\"2025-06-04T08:41:55+00:00\",\"dateModified\":\"2025-06-10T08:21:19+00:00\",\"description\":\"Prep\u00e1rate con \u00e9xito para las oposiciones de Auxiliar T\u00e9cnico Educativo (ATE) en CLM. Turnos libre, discapacidad y promoci\u00f3n interna con material y tutor\u00edas actualizadas.\",\"breadcrumb\":{\"@id\":\"https:\/\/formacionlider.es\/oposiciones#breadcrumb\"},\"inLanguage\":\"en-US\",\"potentialAction\":[{\"@type\":\"ReadAction\",\"target\":[\"https:\/\/formacionlider.es\/oposiciones\"]}]},{\"@type\":\"BreadcrumbList\",\"@id\":\"https:\/\/formacionlider.es\/oposiciones#breadcrumb\",\"itemListElement\":[{\"@type\":\"ListItem\",\"position\":1,\"name\":\"Portada\",\"item\":\"https:\/\/formacionlider.es\/\"},{\"@type\":\"ListItem\",\"position\":2,\"name\":\"Oposiciones Auxiliar Tecnico Educativo\"}]},{\"@type\":\"WebSite\",\"@id\":\"https:\/\/formacionlider.es\/#website\",\"url\":\"https:\/\/formacionlider.es\/\",\"name\":\"Formaci\u00f3n y Empleo L\u00edder\",\"description\":\"Cursos de formaci\u00f3n en Albacete | Formaci\u00f3n bonificada, FP Dual y Bolsa de Empleo\",\"publisher\":{\"@id\":\"https:\/\/formacionlider.es\/#organization\"},\"alternateName\":\"Formaci\u00f3n L\u00edder\",\"potentialAction\":[{\"@type\":\"SearchAction\",\"target\":{\"@type\":\"EntryPoint\",\"urlTemplate\":\"https:\/\/formacionlider.es\/?s={search_term_string}\"},\"query-input\":{\"@type\":\"PropertyValueSpecification\",\"valueRequired\":true,\"valueName\":\"search_term_string\"}}],\"inLanguage\":\"en-US\"},{\"@type\":\"Organization\",\"@id\":\"https:\/\/formacionlider.es\/#organization\",\"name\":\"Formaci\u00f3n y Empleo L\u00edder, S.L.\",\"alternateName\":\"Formaci\u00f3n y Empleo L\u00edder\",\"url\":\"https:\/\/formacionlider.es\/\",\"logo\":{\"@type\":\"ImageObject\",\"inLanguage\":\"en-US\",\"@id\":\"https:\/\/formacionlider.es\/#\/schema\/logo\/image\/\",\"url\":\"https:\/\/formacionlider.es\/wp-content\/uploads\/2025\/05\/cropped-LIDERT.png\",\"contentUrl\":\"https:\/\/formacionlider.es\/wp-content\/uploads\/2025\/05\/cropped-LIDERT.png\",\"width\":355,\"height\":331,\"caption\":\"Formaci\u00f3n y Empleo L\u00edder, S.L.\"},\"image\":{\"@id\":\"https:\/\/formacionlider.es\/#\/schema\/logo\/image\/\"},\"sameAs\":[\"https:\/\/www.facebook.com\/formacionyempleolider\/\"]}]}<\/script>\n<!-- \/ Yoast SEO plugin. -->","yoast_head_json":{"title":"Oposiciones Auxiliar Tecnico Educativo | Formaci\u00f3n y Empleo L\u00edder","description":"Prep\u00e1rate con \u00e9xito para las oposiciones de Auxiliar T\u00e9cnico Educativo (ATE) en CLM. Turnos libre, discapacidad y promoci\u00f3n interna con material y tutor\u00edas actualizadas.","robots":{"index":"index","follow":"follow","max-snippet":"max-snippet:-1","max-image-preview":"max-image-preview:large","max-video-preview":"max-video-preview:-1"},"canonical":"https:\/\/formacionlider.es\/en\/oposiciones\/","og_locale":"en_US","og_type":"article","og_title":"Oposiciones Auxiliar Tecnico Educativo | Formaci\u00f3n y Empleo L\u00edder","og_description":"Prep\u00e1rate con \u00e9xito para las oposiciones de Auxiliar T\u00e9cnico Educativo (ATE) en CLM. Turnos libre, discapacidad y promoci\u00f3n interna con material y tutor\u00edas actualizadas.","og_url":"https:\/\/formacionlider.es\/en\/oposiciones\/","og_site_name":"Formaci\u00f3n y Empleo L\u00edder","article_publisher":"https:\/\/www.facebook.com\/formacionyempleolider\/","article_modified_time":"2025-06-10T08:21:19+00:00","og_image":[{"width":355,"height":331,"url":"https:\/\/formacionlider.es\/wp-content\/uploads\/2025\/05\/LIDERT.png","type":"image\/png"}],"twitter_card":"summary_large_image","twitter_misc":{"Est. reading time":"1 minute"},"schema":{"@context":"https:\/\/schema.org","@graph":[{"@type":"WebPage","@id":"https:\/\/formacionlider.es\/oposiciones","url":"https:\/\/formacionlider.es\/oposiciones","name":"Oposiciones Auxiliar Tecnico Educativo | Formaci\u00f3n y Empleo L\u00edder","isPartOf":{"@id":"https:\/\/formacionlider.es\/#website"},"datePublished":"2025-06-04T08:41:55+00:00","dateModified":"2025-06-10T08:21:19+00:00","description":"Prep\u00e1rate con \u00e9xito para las oposiciones de Auxiliar T\u00e9cnico Educativo (ATE) en CLM. Turnos libre, discapacidad y promoci\u00f3n interna con material y tutor\u00edas actualizadas.","breadcrumb":{"@id":"https:\/\/formacionlider.es\/oposiciones#breadcrumb"},"inLanguage":"en-US","potentialAction":[{"@type":"ReadAction","target":["https:\/\/formacionlider.es\/oposiciones"]}]},{"@type":"BreadcrumbList","@id":"https:\/\/formacionlider.es\/oposiciones#breadcrumb","itemListElement":[{"@type":"ListItem","position":1,"name":"Portada","item":"https:\/\/formacionlider.es\/"},{"@type":"ListItem","position":2,"name":"Oposiciones Auxiliar Tecnico Educativo"}]},{"@type":"WebSite","@id":"https:\/\/formacionlider.es\/#website","url":"https:\/\/formacionlider.es\/","name":"Formaci\u00f3n y Empleo L\u00edder","description":"Cursos de formaci\u00f3n en Albacete | Formaci\u00f3n bonificada, FP Dual y Bolsa de Empleo","publisher":{"@id":"https:\/\/formacionlider.es\/#organization"},"alternateName":"Formaci\u00f3n L\u00edder","potentialAction":[{"@type":"SearchAction","target":{"@type":"EntryPoint","urlTemplate":"https:\/\/formacionlider.es\/?s={search_term_string}"},"query-input":{"@type":"PropertyValueSpecification","valueRequired":true,"valueName":"search_term_string"}}],"inLanguage":"en-US"},{"@type":"Organization","@id":"https:\/\/formacionlider.es\/#organization","name":"Formaci\u00f3n y Empleo L\u00edder, S.L.","alternateName":"Formaci\u00f3n y Empleo L\u00edder","url":"https:\/\/formacionlider.es\/","logo":{"@type":"ImageObject","inLanguage":"en-US","@id":"https:\/\/formacionlider.es\/#\/schema\/logo\/image\/","url":"https:\/\/formacionlider.es\/wp-content\/uploads\/2025\/05\/cropped-LIDERT.png","contentUrl":"https:\/\/formacionlider.es\/wp-content\/uploads\/2025\/05\/cropped-LIDERT.png","width":355,"height":331,"caption":"Formaci\u00f3n y Empleo L\u00edder, S.L."},"image":{"@id":"https:\/\/formacionlider.es\/#\/schema\/logo\/image\/"},"sameAs":["https:\/\/www.facebook.com\/formacionyempleolider\/"]}]}},"_links":{"self":[{"href":"https:\/\/formacionlider.es\/en\/wp-json\/wp\/v2\/pages\/15042","targetHints":{"allow":["GET"]}}],"collection":[{"href":"https:\/\/formacionlider.es\/en\/wp-json\/wp\/v2\/pages"}],"about":[{"href":"https:\/\/formacionlider.es\/en\/wp-json\/wp\/v2\/types\/page"}],"author":[{"embeddable":true,"href":"https:\/\/formacionlider.es\/en\/wp-json\/wp\/v2\/users\/1"}],"replies":[{"embeddable":true,"href":"https:\/\/formacionlider.es\/en\/wp-json\/wp\/v2\/comments?post=15042"}],"version-history":[{"count":79,"href":"https:\/\/formacionlider.es\/en\/wp-json\/wp\/v2\/pages\/15042\/revisions"}],"predecessor-version":[{"id":16081,"href":"https:\/\/formacionlider.es\/en\/wp-json\/wp\/v2\/pages\/15042\/revisions\/16081"}],"wp:attachment":[{"href":"https:\/\/formacionlider.es\/en\/wp-json\/wp\/v2\/media?parent=15042"}],"curies":[{"name":"wp","href":"https:\/\/api.w.org\/{rel}","templated":true}]}}