{"id":14894,"date":"2025-05-30T11:12:36","date_gmt":"2025-05-30T09:12:36","guid":{"rendered":"https:\/\/formacionlider.es\/?page_id=14894"},"modified":"2025-06-10T09:56:17","modified_gmt":"2025-06-10T07:56:17","slug":"quienes-somos","status":"publish","type":"page","link":"https:\/\/formacionlider.es\/en\/quienes-somos","title":{"rendered":"About Us"},"content":{"rendered":"<div data-elementor-type=\"wp-page\" data-elementor-id=\"14894\" class=\"elementor elementor-14894\" data-elementor-post-type=\"page\">\n\t\t\t\t<div data-dce-background-color=\"#000000\" data-dce-background-image-url=\"https:\/\/formacionlider.es\/wp-content\/uploads\/2025\/06\/hero-quienes-somos-scaled.webp\" class=\"elementor-element elementor-element-570ccae e-flex e-con-boxed e-con e-parent\" data-id=\"570ccae\" data-element_type=\"container\" data-e-type=\"container\" data-settings=\"{&quot;background_background&quot;:&quot;classic&quot;}\">\n\t\t\t\t\t<div class=\"e-con-inner\">\n\t\t\t\t<div class=\"elementor-element elementor-element-6ea0eb8 elementor-widget elementor-widget-heading\" data-id=\"6ea0eb8\" data-element_type=\"widget\" data-e-type=\"widget\" data-widget_type=\"heading.default\">\n\t\t\t\t<div class=\"elementor-widget-container\">\n\t\t\t\t\t<h1 class=\"elementor-heading-title elementor-size-default\">Who We Are<\/h1>\t\t\t\t<\/div>\n\t\t\t\t<\/div>\n\t\t\t\t<div class=\"elementor-element elementor-element-8b8a627 elementor-widget elementor-widget-text-editor\" data-id=\"8b8a627\" data-element_type=\"widget\" data-e-type=\"widget\" data-widget_type=\"text-editor.default\">\n\t\t\t\t<div class=\"elementor-widget-container\">\n\t\t\t\t\t\t\t\t\t<p>Training People Since 2014<\/p>\t\t\t\t\t\t\t\t<\/div>\n\t\t\t\t<\/div>\n\t\t\t\t\t<\/div>\n\t\t\t\t<\/div>\n\t\t<div class=\"elementor-element elementor-element-0ce2e8c e-flex e-con-boxed e-con e-parent\" data-id=\"0ce2e8c\" data-element_type=\"container\" data-e-type=\"container\">\n\t\t\t\t\t<div class=\"e-con-inner\">\n\t\t\t\t<div class=\"elementor-element elementor-element-28b48ea elementor-widget elementor-widget-spacer\" data-id=\"28b48ea\" data-element_type=\"widget\" data-e-type=\"widget\" data-widget_type=\"spacer.default\">\n\t\t\t\t<div class=\"elementor-widget-container\">\n\t\t\t\t\t\t\t<div class=\"elementor-spacer\">\n\t\t\t<div class=\"elementor-spacer-inner\"><\/div>\n\t\t<\/div>\n\t\t\t\t\t\t<\/div>\n\t\t\t\t<\/div>\n\t\t<div class=\"elementor-element elementor-element-313de92 e-con-full e-flex e-con e-child\" data-id=\"313de92\" data-element_type=\"container\" data-e-type=\"container\">\n\t\t<div class=\"elementor-element elementor-element-1aeabea e-con-full e-flex e-con e-child\" data-id=\"1aeabea\" data-element_type=\"container\" data-e-type=\"container\">\n\t\t\t\t<div class=\"elementor-element elementor-element-20b664d elementor-widget elementor-widget-text-editor\" data-id=\"20b664d\" data-element_type=\"widget\" data-e-type=\"widget\" data-widget_type=\"text-editor.default\">\n\t\t\t\t<div class=\"elementor-widget-container\">\n\t\t\t\t\t\t\t\t\t<p>FORMACI\u00d3N Y EMPLEO L\u00cdDER was founded in 2014 as a Vocational Training Center for Employment, with the goal of promoting and delivering training that supports the personal and professional development of workers\u2014both employed and unemployed\u2014by improving their employability and career advancement. This training is tailored to the needs of the labor market and focused on enhancing business competitiveness.<\/p>\t\t\t\t\t\t\t\t<\/div>\n\t\t\t\t<\/div>\n\t\t\t\t<\/div>\n\t\t<div class=\"elementor-element elementor-element-55c8205 e-con-full e-flex e-con e-child\" data-id=\"55c8205\" data-element_type=\"container\" data-e-type=\"container\">\n\t\t\t\t<div class=\"elementor-element elementor-element-783999a elementor-widget elementor-widget-image\" data-id=\"783999a\" data-element_type=\"widget\" data-e-type=\"widget\" data-widget_type=\"image.default\">\n\t\t\t\t<div class=\"elementor-widget-container\">\n\t\t\t\t\t\t\t\t\t\t\t\t\t\t\t<img fetchpriority=\"high\" decoding=\"async\" width=\"1200\" height=\"900\" src=\"https:\/\/formacionlider.es\/wp-content\/uploads\/2025\/06\/academia.webp\" class=\"attachment-full size-full wp-image-15150\" alt=\"Centro Formaci\u00f3n L\u00edder Albacete - Academia\" srcset=\"https:\/\/formacionlider.es\/wp-content\/uploads\/2025\/06\/academia.webp 1200w, https:\/\/formacionlider.es\/wp-content\/uploads\/2025\/06\/academia-300x225.webp 300w, https:\/\/formacionlider.es\/wp-content\/uploads\/2025\/06\/academia-1024x768.webp 1024w, https:\/\/formacionlider.es\/wp-content\/uploads\/2025\/06\/academia-768x576.webp 768w, https:\/\/formacionlider.es\/wp-content\/uploads\/2025\/06\/academia-16x12.webp 16w\" sizes=\"(max-width: 1200px) 100vw, 1200px\" \/>\t\t\t\t\t\t\t\t\t\t\t\t\t\t\t<\/div>\n\t\t\t\t<\/div>\n\t\t\t\t<\/div>\n\t\t\t\t<\/div>\n\t\t\t\t\t<\/div>\n\t\t\t\t<\/div>\n\t\t<div class=\"elementor-element elementor-element-6734615d e-flex e-con-boxed e-con e-parent\" data-id=\"6734615d\" data-element_type=\"container\" data-e-type=\"container\" data-settings=\"{&quot;background_background&quot;:&quot;classic&quot;}\">\n\t\t\t\t\t<div class=\"e-con-inner\">\n\t\t<div class=\"elementor-element elementor-element-4c0ee3f e-con-full e-flex e-con e-child\" data-id=\"4c0ee3f\" data-element_type=\"container\" data-e-type=\"container\">\n\t\t<div class=\"elementor-element elementor-element-9937b8d e-con-full e-flex e-con e-child\" data-id=\"9937b8d\" data-element_type=\"container\" data-e-type=\"container\">\n\t\t\t\t<div class=\"elementor-element elementor-element-a965a71 elementor-widget elementor-widget-text-editor\" data-id=\"a965a71\" data-element_type=\"widget\" data-e-type=\"widget\" data-widget_type=\"text-editor.default\">\n\t\t\t\t<div class=\"elementor-widget-container\">\n\t\t\t\t\t\t\t\t\t<p>This project belongs to line 2 Vocational Schools, which consists of\u00a0<strong>2 phases:<\/strong><\/p>\t\t\t\t\t\t\t\t<\/div>\n\t\t\t\t<\/div>\n\t\t\t\t<\/div>\n\t\t<div class=\"elementor-element elementor-element-f10d230 e-con-full e-flex e-con e-child\" data-id=\"f10d230\" data-element_type=\"container\" data-e-type=\"container\">\n\t\t<div class=\"elementor-element elementor-element-5b7658b e-con-full e-flex e-con e-child\" data-id=\"5b7658b\" data-element_type=\"container\" data-e-type=\"container\">\n\t\t\t\t<div class=\"elementor-element elementor-element-c215446 elementor-widget elementor-widget-heading\" data-id=\"c215446\" data-element_type=\"widget\" data-e-type=\"widget\" data-widget_type=\"heading.default\">\n\t\t\t\t<div class=\"elementor-widget-container\">\n\t\t\t\t\t<p class=\"elementor-heading-title elementor-size-default\">What Is Our Goal?<\/p>\t\t\t\t<\/div>\n\t\t\t\t<\/div>\n\t\t\t\t<div class=\"elementor-element elementor-element-2c4bb76 elementor-widget elementor-widget-text-editor\" data-id=\"2c4bb76\" data-element_type=\"widget\" data-e-type=\"widget\" data-widget_type=\"text-editor.default\">\n\t\t\t\t<div class=\"elementor-widget-container\">\n\t\t\t\t\t\t\t\t\t<p>Our center is committed to delivering the highest quality in the services offered to our students, aiming to provide certified training with official accreditation.<\/p><p>Our main goals are to provide high-level academic training tailored to each of our students, with both personal and professional development as the foundation.<\/p>\t\t\t\t\t\t\t\t<\/div>\n\t\t\t\t<\/div>\n\t\t\t\t<\/div>\n\t\t<div class=\"elementor-element elementor-element-5a11b75 e-con-full e-flex e-con e-child\" data-id=\"5a11b75\" data-element_type=\"container\" data-e-type=\"container\">\n\t\t\t\t<div class=\"elementor-element elementor-element-695d7ac elementor-widget elementor-widget-heading\" data-id=\"695d7ac\" data-element_type=\"widget\" data-e-type=\"widget\" data-widget_type=\"heading.default\">\n\t\t\t\t<div class=\"elementor-widget-container\">\n\t\t\t\t\t<p class=\"elementor-heading-title elementor-size-default\">Human Capital<\/p>\t\t\t\t<\/div>\n\t\t\t\t<\/div>\n\t\t\t\t<div class=\"elementor-element elementor-element-1846945 elementor-widget elementor-widget-text-editor\" data-id=\"1846945\" data-element_type=\"widget\" data-e-type=\"widget\" data-widget_type=\"text-editor.default\">\n\t\t\t\t<div class=\"elementor-widget-container\">\n\t\t\t\t\t\t\t\t\t<div id=\"main-content\"><article id=\"post-2\" class=\"post-2 page type-page status-publish hentry\"><div class=\"entry-content\"><div class=\"et-l et-l--post\"><div class=\"et_builder_inner_content et_pb_gutters3\"><div class=\"et_pb_with_border et_pb_section et_pb_section_0 et_pb_with_background et_section_regular\"><div class=\"et_pb_row et_pb_row_2\"><div class=\"et_pb_column et_pb_column_4_4 et_pb_column_3 et_pb_css_mix_blend_mode_passthrough et-last-child\"><div class=\"et_pb_module et_pb_text et_pb_text_3 et_pb_text_align_left et_pb_bg_layout_light\"><div class=\"et_pb_text_inner\"><p>Our human capital is the main resource of FORMACI\u00d3N Y EMPLEO L\u00cdDER.<\/p><p>Their knowledge and experience in teaching and career guidance are the key foundation for strengthening students\u2019 connection with our centers.<\/p><\/div><\/div><\/div><\/div><\/div><\/div><\/div><\/div><\/article><\/div><footer class=\"et-l et-l--footer\"><div class=\"et_builder_inner_content et_pb_gutters3\"><div class=\"et_pb_section et_pb_section_0_tb_footer et_pb_with_background et_section_regular et_had_animation\"><div class=\"et_pb_row et_pb_row_0_tb_footer et_pb_row_fullwidth et_pb_equal_columns et_pb_gutters1\"><div class=\"et_pb_column et_pb_column_1_2 et_pb_column_0_tb_footer et_pb_css_mix_blend_mode_passthrough\"><div class=\"et_pb_module et_pb_text et_pb_text_0_tb_footer et_pb_text_align_left et_pb_bg_layout_dark\"><div class=\"et_pb_text_inner\">\u00a0<\/div><\/div><\/div><\/div><\/div><\/div><\/footer>\t\t\t\t\t\t\t\t<\/div>\n\t\t\t\t<\/div>\n\t\t\t\t<\/div>\n\t\t\t\t<\/div>\n\t\t\t\t<\/div>\n\t\t\t\t\t<\/div>\n\t\t\t\t<\/div>\n\t\t<div class=\"elementor-element elementor-element-2b0a0f0 e-flex e-con-boxed e-con e-parent\" data-id=\"2b0a0f0\" data-element_type=\"container\" data-e-type=\"container\">\n\t\t\t\t\t<div class=\"e-con-inner\">\n\t\t\t\t<div class=\"elementor-element elementor-element-364ac21 elementor-widget elementor-widget-image\" data-id=\"364ac21\" data-element_type=\"widget\" data-e-type=\"widget\" data-widget_type=\"image.default\">\n\t\t\t\t<div class=\"elementor-widget-container\">\n\t\t\t\t\t\t\t\t\t\t\t\t\t\t\t<img decoding=\"async\" width=\"768\" height=\"99\" src=\"https:\/\/formacionlider.es\/wp-content\/uploads\/2025\/06\/GOBMTESSEPE-768x99.png\" class=\"attachment-medium_large size-medium_large wp-image-15200\" alt=\"\" srcset=\"https:\/\/formacionlider.es\/wp-content\/uploads\/2025\/06\/GOBMTESSEPE-768x99.png 768w, https:\/\/formacionlider.es\/wp-content\/uploads\/2025\/06\/GOBMTESSEPE-300x39.png 300w, https:\/\/formacionlider.es\/wp-content\/uploads\/2025\/06\/GOBMTESSEPE-18x2.png 18w, https:\/\/formacionlider.es\/wp-content\/uploads\/2025\/06\/GOBMTESSEPE.png 996w\" sizes=\"(max-width: 768px) 100vw, 768px\" \/>\t\t\t\t\t\t\t\t\t\t\t\t\t\t\t<\/div>\n\t\t\t\t<\/div>\n\t\t\t\t\t<\/div>\n\t\t\t\t<\/div>\n\t\t<div data-dce-background-color=\"#000000\" data-dce-background-image-url=\"https:\/\/formacionlider.es\/wp-content\/uploads\/2025\/06\/banner-contacto-scaled.webp\" class=\"elementor-element elementor-element-c96347d e-con-full e-flex e-con e-parent\" data-id=\"c96347d\" data-element_type=\"container\" data-e-type=\"container\" data-settings=\"{&quot;background_background&quot;:&quot;classic&quot;}\">\n\t\t\t\t<div class=\"elementor-element elementor-element-69f1d91 elementor-widget elementor-widget-text-editor\" data-id=\"69f1d91\" data-element_type=\"widget\" data-e-type=\"widget\" data-widget_type=\"text-editor.default\">\n\t\t\t\t<div class=\"elementor-widget-container\">\n\t\t\t\t\t\t\t\t\t<p>Do you want to know more? Contact with us<\/p>\t\t\t\t\t\t\t\t<\/div>\n\t\t\t\t<\/div>\n\t\t\t\t<div class=\"elementor-element elementor-element-c832d85 elementor-align-center elementor-widget elementor-widget-button\" data-id=\"c832d85\" data-element_type=\"widget\" data-e-type=\"widget\" data-widget_type=\"button.default\">\n\t\t\t\t<div class=\"elementor-widget-container\">\n\t\t\t\t\t\t\t\t\t<div class=\"elementor-button-wrapper\">\n\t\t\t\t\t<a class=\"elementor-button elementor-button-link elementor-size-sm\" href=\"\/en\/contacto\/\">\n\t\t\t\t\t\t<span class=\"elementor-button-content-wrapper\">\n\t\t\t\t\t\t\t\t\t<span class=\"elementor-button-text\">Request for information<\/span>\n\t\t\t\t\t<\/span>\n\t\t\t\t\t<\/a>\n\t\t\t\t<\/div>\n\t\t\t\t\t\t\t\t<\/div>\n\t\t\t\t<\/div>\n\t\t\t\t<\/div>\n\t\t\t\t<\/div>","protected":false},"excerpt":{"rendered":"<p>\u00bfQui\u00e9nes Somos? Desde 2014 formando personas FORMACI\u00d3N Y EMPLEO L\u00cdDER nace en el a\u00f1o 2014 como centro de FORMACI\u00d3N PROFESIONAL para el Empleo con el fin de impulsar y realizar una formaci\u00f3n que contribuya al desarrollo personal y profesional de las personas trabajadoras (ocupadas y desempleadas), mejorando su empleabilidad y su promoci\u00f3n en el trabajo. [&hellip;]<\/p>\n","protected":false},"author":1,"featured_media":0,"parent":0,"menu_order":0,"comment_status":"closed","ping_status":"closed","template":"","meta":{"inline_featured_image":false,"_joinchat":[],"footnotes":""},"class_list":["post-14894","page","type-page","status-publish","hentry"],"yoast_head":"<!-- This site is optimized with the Yoast SEO plugin v26.9 - https:\/\/yoast.com\/product\/yoast-seo-wordpress\/ -->\n<title>Quienes somos | Formaci\u00f3n y Empleo L\u00edder<\/title>\n<meta name=\"description\" content=\"Formaci\u00f3n profesional y para empresas en Albacete. Cursos de Hosteler\u00eda con Bolsa de Empleo, Cursos Bonificados, FP Dual y Agencia de Colocaci\u00f3n.\" \/>\n<meta name=\"robots\" content=\"index, follow, max-snippet:-1, max-image-preview:large, max-video-preview:-1\" \/>\n<link rel=\"canonical\" href=\"https:\/\/formacionlider.es\/en\/quienes-somos\/\" \/>\n<meta property=\"og:locale\" content=\"en_US\" \/>\n<meta property=\"og:type\" content=\"article\" \/>\n<meta property=\"og:title\" content=\"Quienes somos | Formaci\u00f3n y Empleo L\u00edder\" \/>\n<meta property=\"og:description\" content=\"Formaci\u00f3n profesional y para empresas en Albacete. Cursos de Hosteler\u00eda con Bolsa de Empleo, Cursos Bonificados, FP Dual y Agencia de Colocaci\u00f3n.\" \/>\n<meta property=\"og:url\" content=\"https:\/\/formacionlider.es\/en\/quienes-somos\/\" \/>\n<meta property=\"og:site_name\" content=\"Formaci\u00f3n y Empleo L\u00edder\" \/>\n<meta property=\"article:publisher\" content=\"https:\/\/www.facebook.com\/formacionyempleolider\/\" \/>\n<meta property=\"article:modified_time\" content=\"2025-06-10T07:56:17+00:00\" \/>\n<meta property=\"og:image\" content=\"https:\/\/formacionlider.es\/wp-content\/uploads\/2025\/06\/academia.webp\" \/>\n<meta name=\"twitter:card\" content=\"summary_large_image\" \/>\n<meta name=\"twitter:label1\" content=\"Est. reading time\" \/>\n\t<meta name=\"twitter:data1\" content=\"2 minutes\" \/>\n<script type=\"application\/ld+json\" class=\"yoast-schema-graph\">{\"@context\":\"https:\/\/schema.org\",\"@graph\":[{\"@type\":\"WebPage\",\"@id\":\"https:\/\/formacionlider.es\/quienes-somos\",\"url\":\"https:\/\/formacionlider.es\/quienes-somos\",\"name\":\"Quienes somos | Formaci\u00f3n y Empleo L\u00edder\",\"isPartOf\":{\"@id\":\"https:\/\/formacionlider.es\/#website\"},\"primaryImageOfPage\":{\"@id\":\"https:\/\/formacionlider.es\/quienes-somos#primaryimage\"},\"image\":{\"@id\":\"https:\/\/formacionlider.es\/quienes-somos#primaryimage\"},\"thumbnailUrl\":\"https:\/\/formacionlider.es\/wp-content\/uploads\/2025\/06\/academia.webp\",\"datePublished\":\"2025-05-30T09:12:36+00:00\",\"dateModified\":\"2025-06-10T07:56:17+00:00\",\"description\":\"Formaci\u00f3n profesional y para empresas en Albacete. Cursos de Hosteler\u00eda con Bolsa de Empleo, Cursos Bonificados, FP Dual y Agencia de Colocaci\u00f3n.\",\"breadcrumb\":{\"@id\":\"https:\/\/formacionlider.es\/quienes-somos#breadcrumb\"},\"inLanguage\":\"en-US\",\"potentialAction\":[{\"@type\":\"ReadAction\",\"target\":[\"https:\/\/formacionlider.es\/quienes-somos\"]}]},{\"@type\":\"ImageObject\",\"inLanguage\":\"en-US\",\"@id\":\"https:\/\/formacionlider.es\/quienes-somos#primaryimage\",\"url\":\"https:\/\/formacionlider.es\/wp-content\/uploads\/2025\/06\/academia.webp\",\"contentUrl\":\"https:\/\/formacionlider.es\/wp-content\/uploads\/2025\/06\/academia.webp\"},{\"@type\":\"BreadcrumbList\",\"@id\":\"https:\/\/formacionlider.es\/quienes-somos#breadcrumb\",\"itemListElement\":[{\"@type\":\"ListItem\",\"position\":1,\"name\":\"Portada\",\"item\":\"https:\/\/formacionlider.es\/\"},{\"@type\":\"ListItem\",\"position\":2,\"name\":\"Quienes somos\"}]},{\"@type\":\"WebSite\",\"@id\":\"https:\/\/formacionlider.es\/#website\",\"url\":\"https:\/\/formacionlider.es\/\",\"name\":\"Formaci\u00f3n y Empleo L\u00edder\",\"description\":\"Cursos de formaci\u00f3n en Albacete | Formaci\u00f3n bonificada, FP Dual y Bolsa de Empleo\",\"publisher\":{\"@id\":\"https:\/\/formacionlider.es\/#organization\"},\"alternateName\":\"Formaci\u00f3n L\u00edder\",\"potentialAction\":[{\"@type\":\"SearchAction\",\"target\":{\"@type\":\"EntryPoint\",\"urlTemplate\":\"https:\/\/formacionlider.es\/?s={search_term_string}\"},\"query-input\":{\"@type\":\"PropertyValueSpecification\",\"valueRequired\":true,\"valueName\":\"search_term_string\"}}],\"inLanguage\":\"en-US\"},{\"@type\":\"Organization\",\"@id\":\"https:\/\/formacionlider.es\/#organization\",\"name\":\"Formaci\u00f3n y Empleo L\u00edder, S.L.\",\"alternateName\":\"Formaci\u00f3n y Empleo L\u00edder\",\"url\":\"https:\/\/formacionlider.es\/\",\"logo\":{\"@type\":\"ImageObject\",\"inLanguage\":\"en-US\",\"@id\":\"https:\/\/formacionlider.es\/#\/schema\/logo\/image\/\",\"url\":\"https:\/\/formacionlider.es\/wp-content\/uploads\/2025\/05\/cropped-LIDERT.png\",\"contentUrl\":\"https:\/\/formacionlider.es\/wp-content\/uploads\/2025\/05\/cropped-LIDERT.png\",\"width\":355,\"height\":331,\"caption\":\"Formaci\u00f3n y Empleo L\u00edder, S.L.\"},\"image\":{\"@id\":\"https:\/\/formacionlider.es\/#\/schema\/logo\/image\/\"},\"sameAs\":[\"https:\/\/www.facebook.com\/formacionyempleolider\/\"]}]}<\/script>\n<!-- \/ Yoast SEO plugin. -->","yoast_head_json":{"title":"Quienes somos | Formaci\u00f3n y Empleo L\u00edder","description":"Formaci\u00f3n profesional y para empresas en Albacete. Cursos de Hosteler\u00eda con Bolsa de Empleo, Cursos Bonificados, FP Dual y Agencia de Colocaci\u00f3n.","robots":{"index":"index","follow":"follow","max-snippet":"max-snippet:-1","max-image-preview":"max-image-preview:large","max-video-preview":"max-video-preview:-1"},"canonical":"https:\/\/formacionlider.es\/en\/quienes-somos\/","og_locale":"en_US","og_type":"article","og_title":"Quienes somos | Formaci\u00f3n y Empleo L\u00edder","og_description":"Formaci\u00f3n profesional y para empresas en Albacete. Cursos de Hosteler\u00eda con Bolsa de Empleo, Cursos Bonificados, FP Dual y Agencia de Colocaci\u00f3n.","og_url":"https:\/\/formacionlider.es\/en\/quienes-somos\/","og_site_name":"Formaci\u00f3n y Empleo L\u00edder","article_publisher":"https:\/\/www.facebook.com\/formacionyempleolider\/","article_modified_time":"2025-06-10T07:56:17+00:00","og_image":[{"url":"https:\/\/formacionlider.es\/wp-content\/uploads\/2025\/06\/academia.webp","type":"","width":"","height":""}],"twitter_card":"summary_large_image","twitter_misc":{"Est. reading time":"2 minutes"},"schema":{"@context":"https:\/\/schema.org","@graph":[{"@type":"WebPage","@id":"https:\/\/formacionlider.es\/quienes-somos","url":"https:\/\/formacionlider.es\/quienes-somos","name":"Quienes somos | Formaci\u00f3n y Empleo L\u00edder","isPartOf":{"@id":"https:\/\/formacionlider.es\/#website"},"primaryImageOfPage":{"@id":"https:\/\/formacionlider.es\/quienes-somos#primaryimage"},"image":{"@id":"https:\/\/formacionlider.es\/quienes-somos#primaryimage"},"thumbnailUrl":"https:\/\/formacionlider.es\/wp-content\/uploads\/2025\/06\/academia.webp","datePublished":"2025-05-30T09:12:36+00:00","dateModified":"2025-06-10T07:56:17+00:00","description":"Formaci\u00f3n profesional y para empresas en Albacete. Cursos de Hosteler\u00eda con Bolsa de Empleo, Cursos Bonificados, FP Dual y Agencia de Colocaci\u00f3n.","breadcrumb":{"@id":"https:\/\/formacionlider.es\/quienes-somos#breadcrumb"},"inLanguage":"en-US","potentialAction":[{"@type":"ReadAction","target":["https:\/\/formacionlider.es\/quienes-somos"]}]},{"@type":"ImageObject","inLanguage":"en-US","@id":"https:\/\/formacionlider.es\/quienes-somos#primaryimage","url":"https:\/\/formacionlider.es\/wp-content\/uploads\/2025\/06\/academia.webp","contentUrl":"https:\/\/formacionlider.es\/wp-content\/uploads\/2025\/06\/academia.webp"},{"@type":"BreadcrumbList","@id":"https:\/\/formacionlider.es\/quienes-somos#breadcrumb","itemListElement":[{"@type":"ListItem","position":1,"name":"Portada","item":"https:\/\/formacionlider.es\/"},{"@type":"ListItem","position":2,"name":"Quienes somos"}]},{"@type":"WebSite","@id":"https:\/\/formacionlider.es\/#website","url":"https:\/\/formacionlider.es\/","name":"Formaci\u00f3n y Empleo L\u00edder","description":"Cursos de formaci\u00f3n en Albacete | Formaci\u00f3n bonificada, FP Dual y Bolsa de Empleo","publisher":{"@id":"https:\/\/formacionlider.es\/#organization"},"alternateName":"Formaci\u00f3n L\u00edder","potentialAction":[{"@type":"SearchAction","target":{"@type":"EntryPoint","urlTemplate":"https:\/\/formacionlider.es\/?s={search_term_string}"},"query-input":{"@type":"PropertyValueSpecification","valueRequired":true,"valueName":"search_term_string"}}],"inLanguage":"en-US"},{"@type":"Organization","@id":"https:\/\/formacionlider.es\/#organization","name":"Formaci\u00f3n y Empleo L\u00edder, S.L.","alternateName":"Formaci\u00f3n y Empleo L\u00edder","url":"https:\/\/formacionlider.es\/","logo":{"@type":"ImageObject","inLanguage":"en-US","@id":"https:\/\/formacionlider.es\/#\/schema\/logo\/image\/","url":"https:\/\/formacionlider.es\/wp-content\/uploads\/2025\/05\/cropped-LIDERT.png","contentUrl":"https:\/\/formacionlider.es\/wp-content\/uploads\/2025\/05\/cropped-LIDERT.png","width":355,"height":331,"caption":"Formaci\u00f3n y Empleo L\u00edder, S.L."},"image":{"@id":"https:\/\/formacionlider.es\/#\/schema\/logo\/image\/"},"sameAs":["https:\/\/www.facebook.com\/formacionyempleolider\/"]}]}},"_links":{"self":[{"href":"https:\/\/formacionlider.es\/en\/wp-json\/wp\/v2\/pages\/14894","targetHints":{"allow":["GET"]}}],"collection":[{"href":"https:\/\/formacionlider.es\/en\/wp-json\/wp\/v2\/pages"}],"about":[{"href":"https:\/\/formacionlider.es\/en\/wp-json\/wp\/v2\/types\/page"}],"author":[{"embeddable":true,"href":"https:\/\/formacionlider.es\/en\/wp-json\/wp\/v2\/users\/1"}],"replies":[{"embeddable":true,"href":"https:\/\/formacionlider.es\/en\/wp-json\/wp\/v2\/comments?post=14894"}],"version-history":[{"count":130,"href":"https:\/\/formacionlider.es\/en\/wp-json\/wp\/v2\/pages\/14894\/revisions"}],"predecessor-version":[{"id":16046,"href":"https:\/\/formacionlider.es\/en\/wp-json\/wp\/v2\/pages\/14894\/revisions\/16046"}],"wp:attachment":[{"href":"https:\/\/formacionlider.es\/en\/wp-json\/wp\/v2\/media?parent=14894"}],"curies":[{"name":"wp","href":"https:\/\/api.w.org\/{rel}","templated":true}]}}